{"id":51,"date":"2023-12-13T10:19:46","date_gmt":"2023-12-13T10:19:46","guid":{"rendered":"https:\/\/medinsol-consulting.hr\/?page_id=51"},"modified":"2026-02-17T11:55:15","modified_gmt":"2026-02-17T11:55:15","slug":"kontakt","status":"publish","type":"page","link":"https:\/\/medinsol.hr\/index.php\/kontakt\/","title":{"rendered":"Kontakt"},"content":{"rendered":"\t\t<div data-elementor-type=\"wp-page\" data-elementor-id=\"51\" class=\"elementor elementor-51\" data-elementor-post-type=\"page\">\n\t\t\t\t<div class=\"elementor-element elementor-element-960cedc e-flex e-con-boxed e-con e-parent\" data-id=\"960cedc\" data-element_type=\"container\" data-e-type=\"container\">\n\t\t\t\t\t<div class=\"e-con-inner\">\n\t\t\t\t<div class=\"elementor-element elementor-element-0de3586 elementor-widget elementor-widget-heading\" data-id=\"0de3586\" data-element_type=\"widget\" data-e-type=\"widget\" data-widget_type=\"heading.default\">\n\t\t\t\t<div class=\"elementor-widget-container\">\n\t\t\t\t\t<h2 class=\"elementor-heading-title elementor-size-default\">KONTAKT<\/h2>\t\t\t\t<\/div>\n\t\t\t\t<\/div>\n\t\t\t\t<div class=\"elementor-element elementor-element-4a7e95a elementor-widget__width-initial elementor-widget elementor-widget-text-editor\" data-id=\"4a7e95a\" data-element_type=\"widget\" data-e-type=\"widget\" data-widget_type=\"text-editor.default\">\n\t\t\t\t<div class=\"elementor-widget-container\">\n\t\t\t\t\t\t\t\t\tKontaktirajte nas putem e-maila, telefona ili kontakt forme. Va\u0161a povratna informacija va\u017ena nam je jer nam poma\u017ee da rastemo i jo\u0161 bolje zadovoljimo va\u0161e potrebe.\n\n\t\t\t\t\t\t\t\t<\/div>\n\t\t\t\t<\/div>\n\t\t\t\t\t<\/div>\n\t\t\t\t<\/div>\n\t\t<div class=\"elementor-element elementor-element-6b2c68e e-flex e-con-boxed e-con e-parent\" data-id=\"6b2c68e\" data-element_type=\"container\" data-e-type=\"container\" data-settings=\"{&quot;background_background&quot;:&quot;classic&quot;}\">\n\t\t\t\t\t<div class=\"e-con-inner\">\n\t\t<div class=\"elementor-element elementor-element-07e76cf e-con-full e-flex e-con e-child\" data-id=\"07e76cf\" data-element_type=\"container\" data-e-type=\"container\" data-settings=\"{&quot;background_background&quot;:&quot;classic&quot;}\">\n\t\t\t\t<div class=\"elementor-element elementor-element-f1c65d3 elementor-widget elementor-widget-heading\" data-id=\"f1c65d3\" data-element_type=\"widget\" data-e-type=\"widget\" data-widget_type=\"heading.default\">\n\t\t\t\t<div class=\"elementor-widget-container\">\n\t\t\t\t\t<h2 class=\"elementor-heading-title elementor-size-default\">KONTAKT PODACI<\/h2>\t\t\t\t<\/div>\n\t\t\t\t<\/div>\n\t\t\t\t<div class=\"elementor-element elementor-element-6ea9793 elementor-widget elementor-widget-text-editor\" data-id=\"6ea9793\" data-element_type=\"widget\" data-e-type=\"widget\" data-widget_type=\"text-editor.default\">\n\t\t\t\t<div class=\"elementor-widget-container\">\n\t\t\t\t\t\t\t\t\tZa sva dodatna pitanja i upute kontaktirajte nas putem telefona ili kontakt forme.\t\t\t\t\t\t\t\t<\/div>\n\t\t\t\t<\/div>\n\t\t\t\t<div class=\"elementor-element elementor-element-7503b1d elementor-widget elementor-widget-heading\" data-id=\"7503b1d\" data-element_type=\"widget\" data-e-type=\"widget\" data-widget_type=\"heading.default\">\n\t\t\t\t<div class=\"elementor-widget-container\">\n\t\t\t\t\t<span class=\"elementor-heading-title elementor-size-default\">MEDINSOL CONSULTING d.o.o.<\/span>\t\t\t\t<\/div>\n\t\t\t\t<\/div>\n\t\t\t\t<div class=\"elementor-element elementor-element-ff9a11c elementor-position-inline-start elementor-mobile-position-inline-start elementor-view-default elementor-widget elementor-widget-icon-box\" data-id=\"ff9a11c\" data-element_type=\"widget\" data-e-type=\"widget\" data-widget_type=\"icon-box.default\">\n\t\t\t\t<div class=\"elementor-widget-container\">\n\t\t\t\t\t\t\t<div class=\"elementor-icon-box-wrapper\">\n\n\t\t\t\t\t\t<div class=\"elementor-icon-box-icon\">\n\t\t\t\t<span  class=\"elementor-icon\">\n\t\t\t\t<svg xmlns=\"http:\/\/www.w3.org\/2000\/svg\" clip-rule=\"evenodd\" fill-rule=\"evenodd\" height=\"512\" viewBox=\"0 0 43.3492 43.3492\" width=\"512\"><g id=\"Layer_x0020_1\"><g id=\"_334097952\"><g><g><g><path id=\"_334098456\" d=\"m21.6746 30.6766c-.2927 0-.5644-.1516-.716-.3985-.5468-.8713-1.284-1.9684-2.1376-3.2347-3.4357-5.1007-8.1413-12.0815-8.1413-16.0464 0-6.0637 4.9314-10.9951 10.995-10.9951 6.0637 0 10.9951 4.9314 10.9951 10.9951 0 3.9648-4.7056 10.9492-8.1413 16.0464-.8537 1.2663-1.5909 2.3634-2.1376 3.2347-.152.2504-.4235.3985-.7163.3985zm0-28.9815c-5.1289 0-9.3018 4.173-9.3018 9.3019 0 3.4463 4.7233 10.4589 7.8521 15.101.5326.7937 1.023 1.5168 1.4497 2.1694.4268-.6526.9172-1.3757 1.4498-2.1694 3.1254-4.6421 7.8486-11.6548 7.8486-15.101.0035-5.129-4.1695-9.3019-9.2984-9.3019z\"><\/path><\/g><g><path id=\"_334098360\" d=\"m21.6746 16.8737c-3.3158 0-6.0108-2.6985-6.0108-6.0109 0-3.3158 2.6985-6.0108 6.0108-6.0108 3.3159 0 6.0109 2.6985 6.0109 6.0108-.0001 3.3124-2.6951 6.0109-6.0109 6.0109zm0-10.3319c-2.381 0-4.3176 1.9366-4.3176 4.3176 0 2.3811 1.9366 4.3177 4.3176 4.3177 2.3811 0 4.3177-1.9366 4.3177-4.3177-.0001-2.3811-1.9366-4.3176-4.3177-4.3176z\"><\/path><\/g><\/g><g><g><path id=\"_334098264\" d=\"m15.4134 43.3473c-.0882 0-.1799-.0141-.2681-.0423l-12.519-4.1765c-.3457-.1165-.5785-.4374-.5785-.8043v-24.3395c0-.2716.1305-.5291.3527-.6878s.5045-.2011.762-.1164l11.0163 3.6721c.2046.067.3739.2117.4762.3985.4268.7866.9242 1.6509 1.485 2.568.0812.134.1235.2858.1235.4409v22.2406c0 .2717-.1305.5291-.3527.6879-.1482.1023-.3211.1588-.4974.1588zm-11.6724-5.6298 10.8258 3.6086-.0001-20.8297c-.4621-.762-.8677-1.4674-1.2417-2.1412l-9.584-3.1993z\"><\/path><\/g><g><path id=\"_334097808\" d=\"m15.4134 43.3473c-.1764 0-.3492-.0565-.4939-.1587-.2221-.1588-.3527-.4163-.3527-.6879l-.0001-22.2406c0-.3809.2541-.7125.6174-.8148.3668-.1023.7549.0529.9524.3739 1.3334 2.1941 2.7973 4.3635 4.0849 6.2789.5326.7937 1.023 1.5203 1.4497 2.1694.4268-.6491.9172-1.3757 1.4498-2.1694 1.2911-1.9154 2.7515-4.0848 4.0849-6.2789.1975-.3245.5855-.4762.9524-.3739.3668.1023.6174.4339.6174.8148v18.0676c0 .3634-.2329.6879-.5786.8043l-12.5189 4.173c-.0849.0282-.173.0423-.2647.0423zm.8465-20.1524v18.1311l10.8259-3.6086v-14.5225c-.8713 1.3475-1.7497 2.6492-2.5574 3.852-.8537 1.2663-1.5909 2.3634-2.1376 3.2347-.1553.2469-.4268.3985-.7197.3985-.2927 0-.5644-.1516-.716-.3985-.5468-.8748-1.284-1.9684-2.1376-3.2347-.8079-1.2028-1.6828-2.5045-2.5576-3.852z\"><\/path><\/g><g><path id=\"_334097880\" d=\"m40.4548 43.3473c-.0882 0-.1798-.0141-.268-.0423l-12.5189-4.173c-.3457-.1164-.5785-.4374-.5785-.8043l-.0001-18.0676c0-.1552.0423-.3069.1235-.4409 1.2487-2.0565 2.1623-3.7638 2.7901-5.2206.1729-.4057.6279-.6068 1.0442-.4692l9.6758 3.2241c.3457.1164.5785.4374.5785.8042v24.343c0 .2717-.1305.5291-.3527.6879-.1447.1022-.3175.1587-.4939.1587zm-11.6723-5.6298 10.8258 3.6086-.0001-22.5581-8.3707-2.7902c-.6102 1.3122-1.4215 2.8008-2.455 4.5187z\"><\/path><\/g><\/g><\/g><\/g><\/g><\/svg>\t\t\t\t<\/span>\n\t\t\t<\/div>\n\t\t\t\n\t\t\t\t\t\t<div class=\"elementor-icon-box-content\">\n\n\t\t\t\t\t\t\t\t\t<div class=\"elementor-icon-box-title\">\n\t\t\t\t\t\t<span  >\n\t\t\t\t\t\t\tLOKACIJA\t\t\t\t\t\t<\/span>\n\t\t\t\t\t<\/div>\n\t\t\t\t\n\t\t\t\t\t\t\t\t\t<p class=\"elementor-icon-box-description\">\n\t\t\t\t\t\tBUKOVA\u010cKA cesta 1, Zagreb\t\t\t\t\t<\/p>\n\t\t\t\t\n\t\t\t<\/div>\n\t\t\t\n\t\t<\/div>\n\t\t\t\t\t\t<\/div>\n\t\t\t\t<\/div>\n\t\t\t\t<div class=\"elementor-element elementor-element-9f6f722 elementor-position-inline-start elementor-mobile-position-inline-start elementor-view-default elementor-widget elementor-widget-icon-box\" data-id=\"9f6f722\" data-element_type=\"widget\" data-e-type=\"widget\" data-widget_type=\"icon-box.default\">\n\t\t\t\t<div class=\"elementor-widget-container\">\n\t\t\t\t\t\t\t<div class=\"elementor-icon-box-wrapper\">\n\n\t\t\t\t\t\t<div class=\"elementor-icon-box-icon\">\n\t\t\t\t<span  class=\"elementor-icon\">\n\t\t\t\t<svg xmlns=\"http:\/\/www.w3.org\/2000\/svg\" xmlns:xlink=\"http:\/\/www.w3.org\/1999\/xlink\" id=\"Layer_1\" x=\"0px\" y=\"0px\" viewBox=\"0 0 512 512\" style=\"enable-background:new 0 0 512 512;\" xml:space=\"preserve\"> <g> <g> <path d=\"M302.933,42.667h-51.2c-7.074,0-12.8,5.726-12.8,12.8s5.726,12.8,12.8,12.8h51.2c7.074,0,12.8-5.726,12.8-12.8 S310.007,42.667,302.933,42.667z\"><\/path> <\/g> <\/g> <g> <g> <path d=\"M358.4,0H153.6c-28.228,0-51.2,22.972-51.2,51.2v409.6c0,28.228,22.972,51.2,51.2,51.2h204.8 c28.228,0,51.2-22.972,51.2-51.2V51.2C409.6,22.972,386.628,0,358.4,0z M384,460.8c0,14.14-11.46,25.6-25.6,25.6H153.6 c-14.14,0-25.6-11.46-25.6-25.6V51.2c0-14.14,11.46-25.6,25.6-25.6h204.8c14.14,0,25.6,11.46,25.6,25.6V460.8z\"><\/path> <\/g> <\/g> <g> <g> <circle cx=\"256\" cy=\"443.733\" r=\"25.6\"><\/circle> <\/g> <\/g> <g> <g> <circle cx=\"209.067\" cy=\"55.467\" r=\"12.8\"><\/circle> <\/g> <\/g> <g> <\/g> <g> <\/g> <g> <\/g> <g> <\/g> <g> <\/g> <g> <\/g> <g> <\/g> <g> <\/g> <g> <\/g> <g> <\/g> <g> <\/g> <g> <\/g> <g> <\/g> <g> <\/g> <g> <\/g> <\/svg>\t\t\t\t<\/span>\n\t\t\t<\/div>\n\t\t\t\n\t\t\t\t\t\t<div class=\"elementor-icon-box-content\">\n\n\t\t\t\t\t\t\t\t\t<div class=\"elementor-icon-box-title\">\n\t\t\t\t\t\t<span  >\n\t\t\t\t\t\t\tTELEFON\t\t\t\t\t\t<\/span>\n\t\t\t\t\t<\/div>\n\t\t\t\t\n\t\t\t\t\t\t\t\t\t<p class=\"elementor-icon-box-description\">\n\t\t\t\t\t\t+ 385 98 450095\t\t\t\t\t<\/p>\n\t\t\t\t\n\t\t\t<\/div>\n\t\t\t\n\t\t<\/div>\n\t\t\t\t\t\t<\/div>\n\t\t\t\t<\/div>\n\t\t\t\t<div class=\"elementor-element elementor-element-9201d1e elementor-position-inline-start elementor-mobile-position-inline-start elementor-view-default elementor-widget elementor-widget-icon-box\" data-id=\"9201d1e\" data-element_type=\"widget\" data-e-type=\"widget\" data-widget_type=\"icon-box.default\">\n\t\t\t\t<div class=\"elementor-widget-container\">\n\t\t\t\t\t\t\t<div class=\"elementor-icon-box-wrapper\">\n\n\t\t\t\t\t\t<div class=\"elementor-icon-box-icon\">\n\t\t\t\t<span  class=\"elementor-icon\">\n\t\t\t\t<svg xmlns=\"http:\/\/www.w3.org\/2000\/svg\" xmlns:xlink=\"http:\/\/www.w3.org\/1999\/xlink\" id=\"Layer_1\" x=\"0px\" y=\"0px\" viewBox=\"0 0 512 512\" style=\"enable-background:new 0 0 512 512;\" xml:space=\"preserve\"> <g> <g> <path d=\"M405.333,213.874V106.667c0-23.531-19.135-42.667-42.667-42.667h-320C19.135,64,0,83.135,0,106.667V320 c0,23.531,19.135,42.667,42.667,42.667h239.215C295.858,411.84,341.073,448,394.667,448c20.625,0,40.906-5.427,58.677-15.708 c5.094-2.948,6.844-9.469,3.885-14.573c-2.948-5.104-9.479-6.865-14.573-3.885c-14.521,8.396-31.115,12.833-47.99,12.833 c-52.938,0-96-43.063-96-96s43.063-96,96-96s96,43.063,96,96v10.667c0,11.76-9.573,21.333-21.333,21.333 c-11.76,0-21.333-9.573-21.333-21.333v-42.667c0-5.896-4.771-10.667-10.667-10.667c-2.869,0-5.447,1.161-7.362,3 c-9.428-8.401-21.714-13.667-35.305-13.667c-29.406,0-53.333,23.927-53.333,53.333S365.26,384,394.667,384 c15.896,0,30.03-7.131,39.81-18.202c7.727,10.977,20.44,18.202,34.857,18.202C492.865,384,512,364.865,512,341.333v-10.667 C512,269.569,465.044,219.288,405.333,213.874z M42.667,85.333h320c0.444,0,0.816,0.227,1.254,0.254L211.438,210.75 c-5.427,3.417-13.292,2.708-16.823,0.542L41.426,85.585C41.859,85.559,42.227,85.333,42.667,85.333z M384,213.874 c-59.711,5.414-106.667,55.695-106.667,116.793c0,3.6,0.221,7.148,0.54,10.667H42.667c-11.76,0-21.333-9.573-21.333-21.333 V106.667c0-3.021,0.667-5.874,1.805-8.48l158.883,130.293c6.208,4.052,13.344,6.188,20.646,6.188 c7.021,0,13.885-1.979,19.927-5.729c0.604-0.323,1.177-0.708,1.719-1.156l157.88-129.598c1.139,2.608,1.807,5.461,1.807,8.483 V213.874z M394.667,362.667c-17.646,0-32-14.354-32-32c0-17.646,14.354-32,32-32s32,14.354,32,32 C426.667,348.313,412.313,362.667,394.667,362.667z\"><\/path> <\/g> <\/g> <g> <\/g> <g> <\/g> <g> <\/g> <g> <\/g> <g> <\/g> <g> <\/g> <g> <\/g> <g> <\/g> <g> <\/g> <g> <\/g> <g> <\/g> <g> <\/g> <g> <\/g> <g> <\/g> <g> <\/g> <\/svg>\t\t\t\t<\/span>\n\t\t\t<\/div>\n\t\t\t\n\t\t\t\t\t\t<div class=\"elementor-icon-box-content\">\n\n\t\t\t\t\t\t\t\t\t<div class=\"elementor-icon-box-title\">\n\t\t\t\t\t\t<span  >\n\t\t\t\t\t\t\tE-MAIL\t\t\t\t\t\t<\/span>\n\t\t\t\t\t<\/div>\n\t\t\t\t\n\t\t\t\t\t\t\t\t\t<p class=\"elementor-icon-box-description\">\n\t\t\t\t\t\tinfo@medinsol.hr\t\t\t\t\t<\/p>\n\t\t\t\t\n\t\t\t<\/div>\n\t\t\t\n\t\t<\/div>\n\t\t\t\t\t\t<\/div>\n\t\t\t\t<\/div>\n\t\t\t\t<\/div>\n\t\t<div class=\"elementor-element elementor-element-88ae1d0 e-con-full e-flex e-con e-child\" data-id=\"88ae1d0\" data-element_type=\"container\" data-e-type=\"container\">\n\t\t\t\t<div class=\"elementor-element elementor-element-75019ed elementor-button-align-stretch elementor-widget elementor-widget-form\" data-id=\"75019ed\" data-element_type=\"widget\" data-e-type=\"widget\" data-settings=\"{&quot;step_next_label&quot;:&quot;Next&quot;,&quot;step_previous_label&quot;:&quot;Previous&quot;,&quot;button_width&quot;:&quot;100&quot;,&quot;step_type&quot;:&quot;number_text&quot;,&quot;step_icon_shape&quot;:&quot;circle&quot;}\" data-widget_type=\"form.default\">\n\t\t\t\t<div class=\"elementor-widget-container\">\n\t\t\t\t\t\t\t<form class=\"elementor-form\" method=\"post\" name=\"Kontakt\" aria-label=\"Kontakt\">\n\t\t\t<input type=\"hidden\" name=\"post_id\" value=\"51\"\/>\n\t\t\t<input type=\"hidden\" name=\"form_id\" value=\"75019ed\"\/>\n\t\t\t<input type=\"hidden\" name=\"referer_title\" value=\"Kontakt\" \/>\n\n\t\t\t\t\t\t\t<input type=\"hidden\" name=\"queried_id\" value=\"51\"\/>\n\t\t\t\n\t\t\t<div class=\"elementor-form-fields-wrapper elementor-labels-\">\n\t\t\t\t\t\t\t\t<div class=\"elementor-field-type-text elementor-field-group elementor-column elementor-field-group-name elementor-col-100 elementor-field-required\">\n\t\t\t\t\t\t\t\t\t\t\t\t<label for=\"form-field-name\" class=\"elementor-field-label elementor-screen-only\">\n\t\t\t\t\t\t\t\tIme i prezime\t\t\t\t\t\t\t<\/label>\n\t\t\t\t\t\t\t\t\t\t\t\t\t\t<input size=\"1\" type=\"text\" name=\"form_fields[name]\" id=\"form-field-name\" class=\"elementor-field elementor-size-md  elementor-field-textual\" placeholder=\"Ime i prezime\" required=\"required\">\n\t\t\t\t\t\t\t\t\t\t\t<\/div>\n\t\t\t\t\t\t\t\t<div class=\"elementor-field-type-email elementor-field-group elementor-column elementor-field-group-email elementor-col-100 elementor-field-required\">\n\t\t\t\t\t\t\t\t\t\t\t\t<label for=\"form-field-email\" class=\"elementor-field-label elementor-screen-only\">\n\t\t\t\t\t\t\t\tE-mail\t\t\t\t\t\t\t<\/label>\n\t\t\t\t\t\t\t\t\t\t\t\t\t\t<input size=\"1\" type=\"email\" name=\"form_fields[email]\" id=\"form-field-email\" class=\"elementor-field elementor-size-md  elementor-field-textual\" placeholder=\"E-mail\" required=\"required\">\n\t\t\t\t\t\t\t\t\t\t\t<\/div>\n\t\t\t\t\t\t\t\t<div class=\"elementor-field-type-tel elementor-field-group elementor-column elementor-field-group-message elementor-col-100 elementor-field-required\">\n\t\t\t\t\t\t\t\t\t\t\t\t<label for=\"form-field-message\" class=\"elementor-field-label elementor-screen-only\">\n\t\t\t\t\t\t\t\tKontakt telefon\t\t\t\t\t\t\t<\/label>\n\t\t\t\t\t\t\t\t<input size=\"1\" type=\"tel\" name=\"form_fields[message]\" id=\"form-field-message\" class=\"elementor-field elementor-size-md  elementor-field-textual\" placeholder=\"Kontakt telefon\" required=\"required\" pattern=\"[0-9()#&amp;+*-=.]+\" title=\"Only numbers and phone characters (#, -, *, etc) are accepted.\">\n\n\t\t\t\t\t\t<\/div>\n\t\t\t\t\t\t\t\t<div class=\"elementor-field-type-text elementor-field-group elementor-column elementor-field-group-field_a4e3def elementor-col-100 elementor-field-required\">\n\t\t\t\t\t\t\t\t\t\t\t\t<label for=\"form-field-field_a4e3def\" class=\"elementor-field-label elementor-screen-only\">\n\t\t\t\t\t\t\t\tPredmet upita\t\t\t\t\t\t\t<\/label>\n\t\t\t\t\t\t\t\t\t\t\t\t\t\t<input size=\"1\" type=\"text\" name=\"form_fields[field_a4e3def]\" id=\"form-field-field_a4e3def\" class=\"elementor-field elementor-size-md  elementor-field-textual\" placeholder=\"Predmet upita\" required=\"required\">\n\t\t\t\t\t\t\t\t\t\t\t<\/div>\n\t\t\t\t\t\t\t\t<div class=\"elementor-field-type-textarea elementor-field-group elementor-column elementor-field-group-field_f67986a elementor-col-100 elementor-field-required\">\n\t\t\t\t\t\t\t\t\t\t\t\t<label for=\"form-field-field_f67986a\" class=\"elementor-field-label elementor-screen-only\">\n\t\t\t\t\t\t\t\tVa\u0161 upit\t\t\t\t\t\t\t<\/label>\n\t\t\t\t\t\t<textarea class=\"elementor-field-textual elementor-field  elementor-size-md\" name=\"form_fields[field_f67986a]\" id=\"form-field-field_f67986a\" rows=\"4\" placeholder=\"Va\u0161 upit\" required=\"required\"><\/textarea>\t\t\t\t<\/div>\n\t\t\t\t\t\t\t\t<div class=\"elementor-field-group elementor-column elementor-field-type-submit elementor-col-100 e-form__buttons\">\n\t\t\t\t\t<button class=\"elementor-button elementor-size-sm\" type=\"submit\">\n\t\t\t\t\t\t<span class=\"elementor-button-content-wrapper\">\n\t\t\t\t\t\t\t\t\t\t\t\t\t\t\t\t\t\t\t\t\t\t<span class=\"elementor-button-text\">PO\u0160ALJITE UPIT<\/span>\n\t\t\t\t\t\t\t\t\t\t\t\t\t<\/span>\n\t\t\t\t\t<\/button>\n\t\t\t\t<\/div>\n\t\t\t<\/div>\n\t\t<\/form>\n\t\t\t\t\t\t<\/div>\n\t\t\t\t<\/div>\n\t\t\t\t<\/div>\n\t\t\t\t\t<\/div>\n\t\t\t\t<\/div>\n\t\t\t\t<\/div>\n\t\t","protected":false},"excerpt":{"rendered":"<p>KONTAKT Kontaktirajte nas putem e-maila, telefona ili kontakt forme. Va\u0161a povratna informacija va\u017ena nam je jer nam poma\u017ee da rastemo i jo\u0161 bolje zadovoljimo va\u0161e potrebe. KONTAKT PODACI Za sva dodatna pitanja i upute kontaktirajte nas putem telefona ili kontakt forme. MEDINSOL CONSULTING d.o.o. LOKACIJA BUKOVA\u010cKA cesta 1, Zagreb TELEFON + 385 98 450095 E-MAIL [&hellip;]<\/p>\n","protected":false},"author":1,"featured_media":0,"parent":0,"menu_order":0,"comment_status":"closed","ping_status":"closed","template":"","meta":{"footnotes":""},"class_list":["post-51","page","type-page","status-publish","hentry"],"_links":{"self":[{"href":"https:\/\/medinsol.hr\/index.php\/wp-json\/wp\/v2\/pages\/51","targetHints":{"allow":["GET"]}}],"collection":[{"href":"https:\/\/medinsol.hr\/index.php\/wp-json\/wp\/v2\/pages"}],"about":[{"href":"https:\/\/medinsol.hr\/index.php\/wp-json\/wp\/v2\/types\/page"}],"author":[{"embeddable":true,"href":"https:\/\/medinsol.hr\/index.php\/wp-json\/wp\/v2\/users\/1"}],"replies":[{"embeddable":true,"href":"https:\/\/medinsol.hr\/index.php\/wp-json\/wp\/v2\/comments?post=51"}],"version-history":[{"count":22,"href":"https:\/\/medinsol.hr\/index.php\/wp-json\/wp\/v2\/pages\/51\/revisions"}],"predecessor-version":[{"id":467,"href":"https:\/\/medinsol.hr\/index.php\/wp-json\/wp\/v2\/pages\/51\/revisions\/467"}],"wp:attachment":[{"href":"https:\/\/medinsol.hr\/index.php\/wp-json\/wp\/v2\/media?parent=51"}],"curies":[{"name":"wp","href":"https:\/\/api.w.org\/{rel}","templated":true}]}}