{"id":49,"date":"2023-12-13T10:19:42","date_gmt":"2023-12-13T10:19:42","guid":{"rendered":"https:\/\/medinsol-consulting.hr\/?page_id=49"},"modified":"2026-02-16T13:19:48","modified_gmt":"2026-02-16T13:19:48","slug":"o-nama","status":"publish","type":"page","link":"https:\/\/medinsol.hr\/index.php\/o-nama\/","title":{"rendered":"O nama"},"content":{"rendered":"\t\t<div data-elementor-type=\"wp-page\" data-elementor-id=\"49\" class=\"elementor elementor-49\" data-elementor-post-type=\"page\">\n\t\t\t\t<div class=\"elementor-element elementor-element-296965b e-flex e-con-boxed e-con e-parent\" data-id=\"296965b\" data-element_type=\"container\" data-e-type=\"container\">\n\t\t\t\t\t<div class=\"e-con-inner\">\n\t\t\t\t<div class=\"elementor-element elementor-element-47f3e23 elementor-widget elementor-widget-heading\" data-id=\"47f3e23\" data-element_type=\"widget\" data-e-type=\"widget\" data-widget_type=\"heading.default\">\n\t\t\t\t<div class=\"elementor-widget-container\">\n\t\t\t\t\t<h2 class=\"elementor-heading-title elementor-size-default\">Tko smo mi?<\/h2>\t\t\t\t<\/div>\n\t\t\t\t<\/div>\n\t\t\t\t<div class=\"elementor-element elementor-element-e710d35 elementor-widget__width-initial elementor-widget elementor-widget-text-editor\" data-id=\"e710d35\" data-element_type=\"widget\" data-e-type=\"widget\" data-widget_type=\"text-editor.default\">\n\t\t\t\t<div class=\"elementor-widget-container\">\n\t\t\t\t\t\t\t\t\t<p>Medinsol Consulting isti\u010de se u svijetu poslovnog savjetovanja kao prva, jedinstvena i sveobuhvatna\u00a0 tvrtka u RH za podru\u010dje medicine i zdravstvene djelatnost. S nama \u0107ete, uz profesionalno savjetovanje i inovativan pristup, pove\u0107ati profitabilnu vrijednost svoje zdravstvene ustanove.<\/p>\t\t\t\t\t\t\t\t<\/div>\n\t\t\t\t<\/div>\n\t\t\t\t<div class=\"elementor-element elementor-element-e4e0519 elementor-widget elementor-widget-image\" data-id=\"e4e0519\" data-element_type=\"widget\" data-e-type=\"widget\" data-widget_type=\"image.default\">\n\t\t\t\t<div class=\"elementor-widget-container\">\n\t\t\t\t\t\t\t\t\t\t\t\t\t\t\t<img fetchpriority=\"high\" decoding=\"async\" width=\"1024\" height=\"683\" src=\"https:\/\/medinsol.hr\/wp-content\/uploads\/2023\/12\/young-female-doctor-posing-corridor-hospital-1024x683.jpg\" class=\"attachment-large size-large wp-image-175\" alt=\"\" srcset=\"https:\/\/medinsol.hr\/wp-content\/uploads\/2023\/12\/young-female-doctor-posing-corridor-hospital-1024x683.jpg 1024w, https:\/\/medinsol.hr\/wp-content\/uploads\/2023\/12\/young-female-doctor-posing-corridor-hospital-300x200.jpg 300w, https:\/\/medinsol.hr\/wp-content\/uploads\/2023\/12\/young-female-doctor-posing-corridor-hospital-768x512.jpg 768w, https:\/\/medinsol.hr\/wp-content\/uploads\/2023\/12\/young-female-doctor-posing-corridor-hospital.jpg 1500w\" sizes=\"(max-width: 1024px) 100vw, 1024px\" \/>\t\t\t\t\t\t\t\t\t\t\t\t\t\t\t<\/div>\n\t\t\t\t<\/div>\n\t\t\t\t\t<\/div>\n\t\t\t\t<\/div>\n\t\t<div class=\"elementor-element elementor-element-3dbe596 e-flex e-con-boxed e-con e-child\" data-id=\"3dbe596\" data-element_type=\"container\" data-e-type=\"container\">\n\t\t\t\t\t<div class=\"e-con-inner\">\n\t\t<div class=\"elementor-element elementor-element-d1dc4c4 e-con-full e-flex e-con e-child\" data-id=\"d1dc4c4\" data-element_type=\"container\" data-e-type=\"container\" data-settings=\"{&quot;background_background&quot;:&quot;classic&quot;}\">\n\t\t\t\t<div class=\"elementor-element elementor-element-ed4df34 elementor-view-stacked elementor-shape-square elementor-widget elementor-widget-icon\" data-id=\"ed4df34\" data-element_type=\"widget\" data-e-type=\"widget\" data-widget_type=\"icon.default\">\n\t\t\t\t<div class=\"elementor-widget-container\">\n\t\t\t\t\t\t\t<div class=\"elementor-icon-wrapper\">\n\t\t\t<div class=\"elementor-icon\">\n\t\t\t<svg xmlns=\"http:\/\/www.w3.org\/2000\/svg\" id=\"Layer_2\" data-name=\"Layer 2\" viewBox=\"0 0 100 100\" width=\"512\" height=\"512\"><path id=\"Target\" d=\"M74.23,52.5A24.44,24.44,0,0,1,52.55,74.29a.84.84,0,0,0-.85.85V93.33a1.7,1.7,0,0,1-3.4,0v-6.6a.92.92,0,0,0-.85-.85,35.84,35.84,0,0,1-32-27.53,1.7,1.7,0,1,1,3.29-.85A32.32,32.32,0,0,0,47.34,82.37c.22.11.43,0,.64-.21a.64.64,0,0,0,.32-.64V75.14a.84.84,0,0,0-.85-.85,24.74,24.74,0,0,1-14.66-7,24.48,24.48,0,0,1-7-14.78.89.89,0,0,0-.85-.75H6.75a1.75,1.75,0,0,1,0-3.5h6.91a.9.9,0,0,0,.85-.75A36.23,36.23,0,0,1,41.07,14.75a1.76,1.76,0,0,1,.85,3.41A32.44,32.44,0,0,0,18,47.29a.82.82,0,0,0,.85,1h6.05a.89.89,0,0,0,.85-.75A24.44,24.44,0,0,1,47.45,25.71a.84.84,0,0,0,.85-.85V6.67a1.7,1.7,0,0,1,3.4,0V27.3a1.73,1.73,0,0,1-1.81,1.81c-18.49,0-27.73,22.64-14.66,35.72S70.61,68.55,70.93,50a1.68,1.68,0,0,1,1.7-1.7H93.25a1.75,1.75,0,0,1,0,3.5h-6.8a.82.82,0,0,0-.85.75A36.14,36.14,0,0,1,58.29,85c-2.23.53-3-2.87-.75-3.4A32.5,32.5,0,0,0,82.09,52.71a.82.82,0,0,0-.85-1H75.08a.89.89,0,0,0-.85.75ZM88,24.22,75.71,36.44a1.68,1.68,0,0,1-1.16.54H66.36a1.43,1.43,0,0,0-.63.21L51.17,51.86a1.73,1.73,0,0,1-2.45-2.44L63.28,34.74a.58.58,0,0,0,.32-.53V26a1.75,1.75,0,0,1,.53-1.27L76.35,12.52a1.73,1.73,0,0,1,3,1.17v6.7a.91.91,0,0,0,.85.85h6.59a1.75,1.75,0,0,1,1.27,3Zm-14,9,7.12-7.12a.86.86,0,0,0-.53-1.49h-3a1.77,1.77,0,0,1-1.81-1.7V20a.88.88,0,0,0-1.49-.63l-7,7.12a.94.94,0,0,0-.32.64v5.53a.84.84,0,0,0,.85.85h5.63c.22,0,.43,0,.53-.22Zm-9.56,16.8A14.45,14.45,0,1,1,50,35.59,1.71,1.71,0,0,1,50,39a11,11,0,0,0,0,22c6.38,0,10.63-4.78,10.94-11a1.76,1.76,0,1,1,3.51.1Z\"><\/path><\/svg>\t\t\t<\/div>\n\t\t<\/div>\n\t\t\t\t\t\t<\/div>\n\t\t\t\t<\/div>\n\t\t\t\t<div class=\"elementor-element elementor-element-7e163e8 elementor-widget elementor-widget-heading\" data-id=\"7e163e8\" data-element_type=\"widget\" data-e-type=\"widget\" data-widget_type=\"heading.default\">\n\t\t\t\t<div class=\"elementor-widget-container\">\n\t\t\t\t\t<h2 class=\"elementor-heading-title elementor-size-default\">Na\u0161a misija<\/h2>\t\t\t\t<\/div>\n\t\t\t\t<\/div>\n\t\t\t\t<div class=\"elementor-element elementor-element-af17147 elementor-widget elementor-widget-text-editor\" data-id=\"af17147\" data-element_type=\"widget\" data-e-type=\"widget\" data-widget_type=\"text-editor.default\">\n\t\t\t\t<div class=\"elementor-widget-container\">\n\t\t\t\t\t\t\t\t\t<p>Cilj nam je pru\u017eiti vam stru\u010dno mentorstvo koje \u0107e unaprijediti va\u0161u zdravstvenu ustanovu te vam pomo\u0107i da postignete uspjeh koji vas izdvaja iz prosjeka mno\u0161tva ustanova.<br>Na\u0161a suportivna platforma sadr\u017ei implementirane visokou\u010dinkovite strategije koje izravno doprinose pove\u0107anju poslovanja.<\/p>\t\t\t\t\t\t\t\t<\/div>\n\t\t\t\t<\/div>\n\t\t\t\t<\/div>\n\t\t\t\t\t<\/div>\n\t\t\t\t<\/div>\n\t\t<div class=\"elementor-element elementor-element-52e5bcc e-flex e-con-boxed e-con e-parent\" data-id=\"52e5bcc\" data-element_type=\"container\" data-e-type=\"container\">\n\t\t\t\t\t<div class=\"e-con-inner\">\n\t\t<div class=\"elementor-element elementor-element-08491d8 e-con-full e-flex e-con e-child\" data-id=\"08491d8\" data-element_type=\"container\" data-e-type=\"container\">\n\t\t\t\t<div class=\"elementor-element elementor-element-a90f57a elementor-widget elementor-widget-heading\" data-id=\"a90f57a\" data-element_type=\"widget\" data-e-type=\"widget\" data-widget_type=\"heading.default\">\n\t\t\t\t<div class=\"elementor-widget-container\">\n\t\t\t\t\t<h2 class=\"elementor-heading-title elementor-size-default\">Preko dva desetlje\u0107a stru\u010dnog iskustva<\/h2>\t\t\t\t<\/div>\n\t\t\t\t<\/div>\n\t\t\t\t<div class=\"elementor-element elementor-element-e8836c9 elementor-widget elementor-widget-text-editor\" data-id=\"e8836c9\" data-element_type=\"widget\" data-e-type=\"widget\" data-widget_type=\"text-editor.default\">\n\t\t\t\t<div class=\"elementor-widget-container\">\n\t\t\t\t\t\t\t\t\tKao butik konzultantska tvrtka s regionalnim fokusom, Medinsol Consulting izdvaja se\nvrhunskim uslugama prilago\u0111enim poslovnom savjetovanju u zdravstvu. Na\u0161a kvalificiranost\nproizlazi iz vi\u0161e od 25 godina aktivnog anga\u017emana u zdravstvenoj industriji. Ste\u010deno\ndugogodi\u0161nje iskustvo uklju\u010duje ne samo osnivanje i vo\u0111enje Specijalne bolnice Arithera,\nve\u0107 i strate\u0161ko upravljanje zdravstvenim ustanovama unutar Arithera grupe, sve do njezinog\nuspje\u0161nog zaklju\u010denja i prodaje.\n\t\t\t\t\t\t\t\t<\/div>\n\t\t\t\t<\/div>\n\t\t\t\t<\/div>\n\t\t<div class=\"elementor-element elementor-element-4c2c9e2 e-con-full e-flex e-con e-child\" data-id=\"4c2c9e2\" data-element_type=\"container\" data-e-type=\"container\">\n\t\t\t\t<div class=\"elementor-element elementor-element-475abe3 elementor-widget elementor-widget-image\" data-id=\"475abe3\" data-element_type=\"widget\" data-e-type=\"widget\" data-widget_type=\"image.default\">\n\t\t\t\t<div class=\"elementor-widget-container\">\n\t\t\t\t\t\t\t\t\t\t\t\t\t\t\t<img decoding=\"async\" width=\"1024\" height=\"683\" src=\"https:\/\/medinsol.hr\/wp-content\/uploads\/2023\/12\/team-young-specialist-doctors-standing-corridor-hospital-1024x683.jpg\" class=\"attachment-large size-large wp-image-114\" alt=\"\" srcset=\"https:\/\/medinsol.hr\/wp-content\/uploads\/2023\/12\/team-young-specialist-doctors-standing-corridor-hospital-1024x683.jpg 1024w, https:\/\/medinsol.hr\/wp-content\/uploads\/2023\/12\/team-young-specialist-doctors-standing-corridor-hospital-300x200.jpg 300w, https:\/\/medinsol.hr\/wp-content\/uploads\/2023\/12\/team-young-specialist-doctors-standing-corridor-hospital-768x512.jpg 768w, https:\/\/medinsol.hr\/wp-content\/uploads\/2023\/12\/team-young-specialist-doctors-standing-corridor-hospital.jpg 1500w\" sizes=\"(max-width: 1024px) 100vw, 1024px\" \/>\t\t\t\t\t\t\t\t\t\t\t\t\t\t\t<\/div>\n\t\t\t\t<\/div>\n\t\t\t\t<\/div>\n\t\t\t\t\t<\/div>\n\t\t\t\t<\/div>\n\t\t<div class=\"elementor-element elementor-element-24db1b4 e-flex e-con-boxed e-con e-parent\" data-id=\"24db1b4\" data-element_type=\"container\" data-e-type=\"container\">\n\t\t\t\t\t<div class=\"e-con-inner\">\n\t\t<div class=\"elementor-element elementor-element-3145c02 e-con-full e-flex e-con e-child\" data-id=\"3145c02\" data-element_type=\"container\" data-e-type=\"container\">\n\t\t\t\t<div class=\"elementor-element elementor-element-2eeef87 elementor-widget elementor-widget-heading\" data-id=\"2eeef87\" data-element_type=\"widget\" data-e-type=\"widget\" data-widget_type=\"heading.default\">\n\t\t\t\t<div class=\"elementor-widget-container\">\n\t\t\t\t\t<h2 class=\"elementor-heading-title elementor-size-default\">\u017deljko Do\u0161en, mag.iur., ro\u0111en u Zagrebu 1975. godine.Od najranijih dana svoje poslovne karijere posve\u0107en je osniva\u010dkim, upravlja\u010dkim, organizacijskim, marketin\u0161kim i konzultantskim djelatnostima usmjerenim na razvoj i ekspanziju poslovanja u medicinskoj struci.<\/h2>\t\t\t\t<\/div>\n\t\t\t\t<\/div>\n\t\t\t\t<div class=\"elementor-element elementor-element-7ab606c elementor-widget elementor-widget-text-editor\" data-id=\"7ab606c\" data-element_type=\"widget\" data-e-type=\"widget\" data-widget_type=\"text-editor.default\">\n\t\t\t\t<div class=\"elementor-widget-container\">\n\t\t\t\t\t\t\t\t\tOd pokretanja male zdravstvene ustanove za fizikalnu terapiju i rehabilitaciju s dvije zaposlene osobe do jedne od vode\u0107ih privatnih specijalnih bolnica s vi\u0161e od deset djelatnosti i preko 120 zaposlenika razvio je precizan iskustveno u\u010dvr\u0161\u0107en odnos prema sveprisutnom riziku i drugim okolnostima koje utje\u010du ili bi mogle utjecati na razvojne planove u medicinskom sektoru.\nReferenca osnivanja, konstitucije i razvojne dinamike specijalne bolnice Arithera i ostalih poliklinika Arithera grupe do uspje\u0161ne prodaje iste \u010dvrsto su upori\u0161te na kojem se mo\u017eete s punim povjerenjem prepustiti savjetodavnim vje\u0161tinama u iznala\u017eenju najboljih investicijskih rje\u0161enja u osnivanju, razvoju i unaprje\u0111enju poslovanja svoje zdravstvene ustanove.\n\t\t\t\t\t\t\t\t<\/div>\n\t\t\t\t<\/div>\n\t\t\t\t<\/div>\n\t\t<div class=\"elementor-element elementor-element-f4a8af4 e-con-full e-flex e-con e-child\" data-id=\"f4a8af4\" data-element_type=\"container\" data-e-type=\"container\">\n\t\t\t\t<div class=\"elementor-element elementor-element-53e41fb elementor-widget elementor-widget-image\" data-id=\"53e41fb\" data-element_type=\"widget\" data-e-type=\"widget\" data-widget_type=\"image.default\">\n\t\t\t\t<div class=\"elementor-widget-container\">\n\t\t\t\t\t\t\t\t\t\t\t\t\t\t\t<img decoding=\"async\" width=\"768\" height=\"1024\" src=\"https:\/\/medinsol.hr\/wp-content\/uploads\/2023\/12\/WhatsApp-Slika-2023-12-14-u-13.10.54_d7d15a58.jpg\" class=\"attachment-large size-large wp-image-192\" alt=\"\" srcset=\"https:\/\/medinsol.hr\/wp-content\/uploads\/2023\/12\/WhatsApp-Slika-2023-12-14-u-13.10.54_d7d15a58.jpg 768w, https:\/\/medinsol.hr\/wp-content\/uploads\/2023\/12\/WhatsApp-Slika-2023-12-14-u-13.10.54_d7d15a58-225x300.jpg 225w\" sizes=\"(max-width: 768px) 100vw, 768px\" \/>\t\t\t\t\t\t\t\t\t\t\t\t\t\t\t<\/div>\n\t\t\t\t<\/div>\n\t\t\t\t<\/div>\n\t\t\t\t\t<\/div>\n\t\t\t\t<\/div>\n\t\t<div class=\"elementor-element elementor-element-4b07e18 e-flex e-con-boxed e-con e-child\" data-id=\"4b07e18\" data-element_type=\"container\" data-e-type=\"container\">\n\t\t\t\t\t<div class=\"e-con-inner\">\n\t\t<div class=\"elementor-element elementor-element-5e31c4a e-con-full e-flex e-con e-child\" data-id=\"5e31c4a\" data-element_type=\"container\" data-e-type=\"container\" data-settings=\"{&quot;background_background&quot;:&quot;classic&quot;}\">\n\t\t\t\t<div class=\"elementor-element elementor-element-7e25b6d elementor-view-stacked elementor-shape-square elementor-absolute elementor-widget elementor-widget-icon\" data-id=\"7e25b6d\" data-element_type=\"widget\" data-e-type=\"widget\" data-settings=\"{&quot;_position&quot;:&quot;absolute&quot;}\" data-widget_type=\"icon.default\">\n\t\t\t\t<div class=\"elementor-widget-container\">\n\t\t\t\t\t\t\t<div class=\"elementor-icon-wrapper\">\n\t\t\t<div class=\"elementor-icon\">\n\t\t\t<svg xmlns=\"http:\/\/www.w3.org\/2000\/svg\" xmlns:xlink=\"http:\/\/www.w3.org\/1999\/xlink\" id=\"Capa_1\" x=\"0px\" y=\"0px\" viewBox=\"0 0 494.3 494.3\" style=\"enable-background:new 0 0 494.3 494.3;\" xml:space=\"preserve\"> <g> <g> <path d=\"M416.163,313.3V136.2c0-5.5-4.5-9.3-10-9.3h-38.7c-5.5,0-10.3,3.8-10.3,9.3V296c-6.4,0.2-12.8,1-19,2.5V188.4 c0-5.5-4.7-9.5-10.2-9.5h-38.7c-5.5,0-10.1,3.9-10.1,9.5v149.3c-11.9,16.7-18.3,36.8-18.2,57.4c0,54.8,44.4,99.2,99.1,99.2 c54.8,0,99.2-44.4,99.2-99.1C459.263,362.4,443.163,331.8,416.163,313.3z M377.163,146.9h19v155.8c-6.1-2.4-12.5-4.2-19-5.2V146.9 z M299.163,198.9h19v106.5c-6.7,3.1-13.1,6.9-19,11.4V198.9z M428.263,435.4c-14.3,24.1-40.2,38.8-68.1,38.8 c-43.7,0-79.1-35.5-79.1-79.1c0-32,19.3-60.9,48.9-73.1c1.2-0.2,2.3-0.7,3.3-1.3c8.6-3.2,17.8-4.8,27-4.8c2.1,0,4.1,0.1,6.2,0.3 h0.1c12,0.9,23.7,4.6,34,10.8C438.162,349.3,450.563,397.8,428.263,435.4z\"><\/path> <\/g> <\/g> <g> <g> <path d=\"M360.263,387c-7,0-12.6-5.6-12.6-12.6s5.5-12.6,12.5-12.7c7,0,12.6,5.7,12.6,12.6c0,5.5,4.5,10,10,10 c5.6,0,10.1-4.4,10.2-10c0-13.4-8.2-25.5-20.7-30.4v-8.3c0-5.5-4.5-10-10-10s-10,4.5-10,10v7.2c-17.4,4.5-27.9,22.3-23.4,39.7 c3.6,14.4,16.5,24.4,31.3,24.4c6.9,0,12.5,5.7,12.5,12.6c0,6.9-5.7,12.5-12.6,12.5c-6.9,0-12.5-5.7-12.5-12.6c0-5.5-4.5-10-10-10 s-9.9,4.4-9.8,9.9v0.1c0.1,14.8,10.1,27.8,24.4,31.5v4.5c0,5.5,4.5,10,10,10s10-4.5,10-10v-5.5c16.8-6.6,25-25.5,18.5-42.2 C385.763,395.2,373.663,387,360.263,387z\"><\/path> <\/g> <\/g> <g> <g> <path d=\"M171.163,258.9h-39c-5.5,0-10,4.5-10,10v157c0,5.5,4.5,10,10,10h39c5.5,0,10-4.5,10-10v-157 C181.163,263.4,176.663,258.9,171.163,258.9z M161.163,416.9h-19v-138h19V416.9z\"><\/path> <\/g> <\/g> <g> <g> <path d=\"M250.163,235.9h-39c-5.5,0-10,4.5-10,10v181c0,5.5,4.5,10,10,10h39c5.5,0,10-4.5,10-10v-181 C260.163,240.4,255.663,235.9,250.163,235.9z M240.163,416.9h-19v-161h19V416.9z\"><\/path> <\/g> <\/g> <g> <g> <path d=\"M92.163,344.9h-39c-5.5,0-10,4.5-10,10v71c0,5.5,4.5,10,10,10h39c5.5,0,10-4.5,10-10v-71 C102.163,349.4,97.663,344.9,92.163,344.9z M82.163,416.9h-19v-52h19V416.9z\"><\/path> <\/g> <\/g> <g> <g> <path d=\"M414.663,0l-68.4,0.1c-5.5-0.1-10,4.4-10.1,9.9s4.4,10,9.9,10.1c0.1,0,0.1,0,0.2,0l44.3-0.1l-108.5,108.1l-37.9-37.6 c-1.9-1.8-4.5-2.7-7.1-2.6c-2.6-0.1-5.2,0.8-7.1,2.6l-192,192c-3.9,3.9-3.9,10.2,0,14c1.9,1.9,4.4,2.9,7.1,2.9s5.2-1,7.1-2.9 l185-185l37.9,38.2c1.8,2,4.4,3.1,7.1,3.2c2.7-0.1,5.2-1.3,7.1-3.2l115.4-115.5l-0.1,44.5c0,5.6,4.4,10.1,10,10.3 c5.6-0.1,10-4.7,10-10.3l0.1-68.6C424.663,4.6,420.163,0,414.663,0z\"><\/path> <\/g> <\/g> <g> <\/g> <g> <\/g> <g> <\/g> <g> <\/g> <g> <\/g> <g> <\/g> <g> <\/g> <g> <\/g> <g> <\/g> <g> <\/g> <g> <\/g> <g> <\/g> <g> <\/g> <g> <\/g> <g> <\/g> <\/svg>\t\t\t<\/div>\n\t\t<\/div>\n\t\t\t\t\t\t<\/div>\n\t\t\t\t<\/div>\n\t\t\t\t<div class=\"elementor-element elementor-element-a29e8b0 elementor-widget elementor-widget-heading\" data-id=\"a29e8b0\" data-element_type=\"widget\" data-e-type=\"widget\" data-widget_type=\"heading.default\">\n\t\t\t\t<div class=\"elementor-widget-container\">\n\t\t\t\t\t<h2 class=\"elementor-heading-title elementor-size-default\">INVESTIRANJE<\/h2>\t\t\t\t<\/div>\n\t\t\t\t<\/div>\n\t\t\t\t<div class=\"elementor-element elementor-element-76681b5 elementor-widget elementor-widget-text-editor\" data-id=\"76681b5\" data-element_type=\"widget\" data-e-type=\"widget\" data-widget_type=\"text-editor.default\">\n\t\t\t\t<div class=\"elementor-widget-container\">\n\t\t\t\t\t\t\t\t\tMedinsol Consulting isti\u010de se u svijetu poslovnog savjetovanja kao prva, jedinstvena i sveobuhvatna\u00a0 tvrtka u RH za podru\u010dje medicine i zdravstvene djelatnost. S nama \u0107ete, uz profesionalno savjetovanje i inovativan pristup, pove\u0107ati profitabilnu vrijednost svoje zdravstvene ustanove.\t\t\t\t\t\t\t\t<\/div>\n\t\t\t\t<\/div>\n\t\t\t\t<div class=\"elementor-element elementor-element-7bf4515 elementor-widget elementor-widget-button\" data-id=\"7bf4515\" data-element_type=\"widget\" data-e-type=\"widget\" data-widget_type=\"button.default\">\n\t\t\t\t<div class=\"elementor-widget-container\">\n\t\t\t\t\t\t\t\t\t<div class=\"elementor-button-wrapper\">\n\t\t\t\t\t<a class=\"elementor-button elementor-button-link elementor-size-sm\" href=\"https:\/\/medinsol.hr\/index.php\/usluge\/\">\n\t\t\t\t\t\t<span class=\"elementor-button-content-wrapper\">\n\t\t\t\t\t\t\t\t\t<span class=\"elementor-button-text\">SAZNAJTE VI\u0160E<\/span>\n\t\t\t\t\t<\/span>\n\t\t\t\t\t<\/a>\n\t\t\t\t<\/div>\n\t\t\t\t\t\t\t\t<\/div>\n\t\t\t\t<\/div>\n\t\t\t\t<\/div>\n\t\t<div class=\"elementor-element elementor-element-7cc9555 e-con-full e-flex e-con e-child\" data-id=\"7cc9555\" data-element_type=\"container\" data-e-type=\"container\" data-settings=\"{&quot;background_background&quot;:&quot;classic&quot;}\">\n\t\t\t\t<div class=\"elementor-element elementor-element-799ed4e elementor-view-stacked elementor-shape-square elementor-absolute elementor-widget elementor-widget-icon\" data-id=\"799ed4e\" data-element_type=\"widget\" data-e-type=\"widget\" data-settings=\"{&quot;_position&quot;:&quot;absolute&quot;}\" data-widget_type=\"icon.default\">\n\t\t\t\t<div class=\"elementor-widget-container\">\n\t\t\t\t\t\t\t<div class=\"elementor-icon-wrapper\">\n\t\t\t<div class=\"elementor-icon\">\n\t\t\t<svg xmlns=\"http:\/\/www.w3.org\/2000\/svg\" id=\"Layer_5\" height=\"512\" viewBox=\"0 0 64 64\" width=\"512\"><g><path d=\"m56.734 1-14 8h-1.594l-6.149-1.757c-.483-.138-.983-.194-1.485-.213l-4.524-1.447c-2.062-.66-4.293-.761-6.408-.291l-6.624 1.473-8.647-5.765h-6.303v14.7l11.568 4.207 3.442 2.065c.049 1.64 1.364 2.959 3.002 3.017.058 1.632 1.368 2.942 3 3 .049 1.372.984 2.511 2.253 2.876-5.674 2.889-9.265 8.667-9.265 15.135 0 9.374 7.626 17 17 17s17-7.626 17-17c0-6.932-4.097-13.005-10.357-15.644.215-.41.347-.868.353-1.36 1.647-.021 2.981-1.356 3-3.003 1.662-.04 3.004-1.398 3.004-3.069 0-.114-.023-.224-.036-.337l4.447-2.668 13.589-4.18v-14.739zm-53.734 13.3v-11.3h3.697l8.148 5.432-2.525 9.257zm15 7.579c0-.3.117-.581.328-.793l2.758-2.758c.212-.211.493-.328.793-.328.618 0 1.121.503 1.121 1.121 0 .3-.117.581-.328.793l-2.758 2.758c-.212.211-.493.328-.793.328-.618 0-1.121-.503-1.121-1.121zm3 3c0-.3.117-.581.328-.793l2.758-2.758c.212-.211.493-.328.793-.328.618 0 1.121.503 1.121 1.121 0 .3-.117.581-.328.793l-2.758 2.758c-.212.211-.493.328-.793.328-.618 0-1.121-.503-1.121-1.121zm3.328 2.207 2.758-2.758c.212-.211.493-.328.793-.328.618 0 1.121.503 1.121 1.121 0 .3-.117.581-.328.793l-2.758 2.758c-.212.211-.493.328-.793.328-.618 0-1.121-.503-1.121-1.121 0-.3.117-.581.328-.793zm6.551-.086c.618 0 1.121.503 1.121 1.121 0 .3-.117.581-.328.793l-2.758 2.758c-.212.211-.493.328-.793.328-.618 0-1.121-.503-1.121-1.121 0-.3.117-.581.328-.793l2.758-2.758c.212-.211.493-.328.793-.328zm2.001 3.535.745.621c.238.198.375.49.375.801 0 .575-.468 1.043-1.043 1.043h-.185c-.254 0-.499-.093-.69-.261l-.748-.66zm-.88 4.465c6.065 0 11 4.935 11 11s-4.935 11-11 11-11-4.935-11-11 4.935-11 11-11zm15 11c0 8.271-6.729 15-15 15s-15-6.729-15-15c0-5.818 3.29-11.007 8.465-13.504.414.677 1.074 1.179 1.859 1.388-4.862 1.883-8.324 6.597-8.324 12.116 0 7.168 5.832 13 13 13s13-5.832 13-13c0-5.933-3.999-10.939-9.439-12.492.266-.445.428-.958.435-1.512.319-.004.622-.067.911-.163 6.057 2.089 10.093 7.704 10.093 14.167zm-5.076-22h-.173c-.251 0-.496-.088-.688-.249l-.158-.132-5.265-4.387-1.28 1.536 5.265 4.387c.238.2.375.492.375.802 0 .575-.468 1.043-1.043 1.043h-.217c-.244 0-.481-.086-.668-.242l-.167-.139-5.265-4.387-1.28 1.536 5.265 4.387c.238.199.375.491.375.802 0 .575-.468 1.043-1.043 1.043-.384 0-.757-.135-1.052-.381l-.984-.82c.048-.221.079-.446.079-.678 0-1.684-1.342-3.051-3.011-3.11-.058-1.632-1.368-2.942-3-3-.058-1.632-1.368-2.942-3-3-.059-1.669-1.427-3.011-3.11-3.011-.834 0-1.618.325-2.207.914l-2.758 2.758c-.106.106-.193.224-.281.342l-2.469-1.481 2.706-9.924 6.137-1.364c1.772-.393 3.639-.308 5.365.244l1.472.471-4.993 2.496c-1.142.571-1.851 1.719-1.851 2.996v.199c0 1.847 1.502 3.349 3.349 3.349.607 0 1.203-.165 1.724-.478l3.723-2.234c.743-.447 1.753-.35 2.398.231l8.45 7.605c.226.205.356.496.356.8 0 .594-.482 1.076-1.076 1.076zm2.058-3.361-8.45-7.605c-1.283-1.155-3.286-1.348-4.766-.46l-3.723 2.234c-.209.126-.449.192-.694.192-.744 0-1.349-.605-1.349-1.349v-.199c0-.515.286-.977.746-1.207l5.579-2.789c.957-.478 2.091-.583 3.117-.29l6.284 1.795 1.734.029 5.127 7.691-3.484 2.09c-.043-.041-.076-.092-.121-.132zm17.018-6.378-11.582 3.564-4.992-7.488 12.84-7.337h3.734z\"><\/path><path d=\"m31 53v2h2v-2c2.206 0 4-1.794 4-4s-1.794-4-4-4h-2c-1.103 0-2-.897-2-2s.897-2 2-2h2c1.103 0 2 .897 2 2h2c0-2.206-1.794-4-4-4v-2h-2v2c-2.206 0-4 1.794-4 4s1.794 4 4 4h2c1.103 0 2 .897 2 2s-.897 2-2 2h-2c-1.103 0-2-.897-2-2v-1h-2v1c0 2.205 1.794 4 4 4z\"><\/path><path d=\"m48.2 37.4 1.6 1.2 4.2-5.6v21h2v-21l4.2 5.6 1.6-1.2-6.8-9.067z\"><\/path><path d=\"m54 56h2v2h-2z\"><\/path><path d=\"m15.8 37.4-6.8-9.067-6.8 9.067 1.6 1.2 4.2-5.6v21h2v-21l4.2 5.6z\"><\/path><path d=\"m8 56h2v2h-2z\"><\/path><\/g><\/svg>\t\t\t<\/div>\n\t\t<\/div>\n\t\t\t\t\t\t<\/div>\n\t\t\t\t<\/div>\n\t\t\t\t<div class=\"elementor-element elementor-element-db24e9b elementor-widget elementor-widget-heading\" data-id=\"db24e9b\" data-element_type=\"widget\" data-e-type=\"widget\" data-widget_type=\"heading.default\">\n\t\t\t\t<div class=\"elementor-widget-container\">\n\t\t\t\t\t<h2 class=\"elementor-heading-title elementor-size-default\">SPAJANJE ILI PRODAJA<\/h2>\t\t\t\t<\/div>\n\t\t\t\t<\/div>\n\t\t\t\t<div class=\"elementor-element elementor-element-84a6884 elementor-widget elementor-widget-text-editor\" data-id=\"84a6884\" data-element_type=\"widget\" data-e-type=\"widget\" data-widget_type=\"text-editor.default\">\n\t\t\t\t<div class=\"elementor-widget-container\">\n\t\t\t\t\t\t\t\t\tRazmi\u0161ljate o spajanju ili prodaji va\u0161e zdravstvene ustanove?\nNa\u0161a je tvrtka specijalizirana za konzalting u medicinskom poslovanju s posebnim\nnaglaskom na kompleksne procese poput spajanja i prodaje tvrtke\n\t\t\t\t\t\t\t\t<\/div>\n\t\t\t\t<\/div>\n\t\t\t\t<div class=\"elementor-element elementor-element-e5e666a elementor-widget elementor-widget-button\" data-id=\"e5e666a\" data-element_type=\"widget\" data-e-type=\"widget\" data-widget_type=\"button.default\">\n\t\t\t\t<div class=\"elementor-widget-container\">\n\t\t\t\t\t\t\t\t\t<div class=\"elementor-button-wrapper\">\n\t\t\t\t\t<a class=\"elementor-button elementor-button-link elementor-size-sm\" href=\"https:\/\/medinsol.hr\/index.php\/usluge\/\">\n\t\t\t\t\t\t<span class=\"elementor-button-content-wrapper\">\n\t\t\t\t\t\t\t\t\t<span class=\"elementor-button-text\">SVE NA\u0160E USLUGE<\/span>\n\t\t\t\t\t<\/span>\n\t\t\t\t\t<\/a>\n\t\t\t\t<\/div>\n\t\t\t\t\t\t\t\t<\/div>\n\t\t\t\t<\/div>\n\t\t\t\t<\/div>\n\t\t\t\t\t<\/div>\n\t\t\t\t<\/div>\n\t\t\t\t<\/div>\n\t\t","protected":false},"excerpt":{"rendered":"<p>Tko smo mi? Medinsol Consulting isti\u010de se u svijetu poslovnog savjetovanja kao prva, jedinstvena i sveobuhvatna\u00a0 tvrtka u RH za podru\u010dje medicine i zdravstvene djelatnost. S nama \u0107ete, uz profesionalno savjetovanje i inovativan pristup, pove\u0107ati profitabilnu vrijednost svoje zdravstvene ustanove. Na\u0161a misija Cilj nam je pru\u017eiti vam stru\u010dno mentorstvo koje \u0107e unaprijediti va\u0161u zdravstvenu ustanovu [&hellip;]<\/p>\n","protected":false},"author":1,"featured_media":0,"parent":0,"menu_order":0,"comment_status":"closed","ping_status":"closed","template":"","meta":{"footnotes":""},"class_list":["post-49","page","type-page","status-publish","hentry"],"_links":{"self":[{"href":"https:\/\/medinsol.hr\/index.php\/wp-json\/wp\/v2\/pages\/49","targetHints":{"allow":["GET"]}}],"collection":[{"href":"https:\/\/medinsol.hr\/index.php\/wp-json\/wp\/v2\/pages"}],"about":[{"href":"https:\/\/medinsol.hr\/index.php\/wp-json\/wp\/v2\/types\/page"}],"author":[{"embeddable":true,"href":"https:\/\/medinsol.hr\/index.php\/wp-json\/wp\/v2\/users\/1"}],"replies":[{"embeddable":true,"href":"https:\/\/medinsol.hr\/index.php\/wp-json\/wp\/v2\/comments?post=49"}],"version-history":[{"count":94,"href":"https:\/\/medinsol.hr\/index.php\/wp-json\/wp\/v2\/pages\/49\/revisions"}],"predecessor-version":[{"id":455,"href":"https:\/\/medinsol.hr\/index.php\/wp-json\/wp\/v2\/pages\/49\/revisions\/455"}],"wp:attachment":[{"href":"https:\/\/medinsol.hr\/index.php\/wp-json\/wp\/v2\/media?parent=49"}],"curies":[{"name":"wp","href":"https:\/\/api.w.org\/{rel}","templated":true}]}}