{"id":308,"date":"2023-12-20T09:40:44","date_gmt":"2023-12-20T09:40:44","guid":{"rendered":"https:\/\/medinsol-consulting.hr\/?page_id=308"},"modified":"2026-02-16T13:18:46","modified_gmt":"2026-02-16T13:18:46","slug":"investiranje","status":"publish","type":"page","link":"https:\/\/medinsol.hr\/index.php\/investiranje\/","title":{"rendered":"Investiranje"},"content":{"rendered":"\t\t<div data-elementor-type=\"wp-page\" data-elementor-id=\"308\" class=\"elementor elementor-308\" data-elementor-post-type=\"page\">\n\t\t\t\t<div class=\"elementor-element elementor-element-d33f11e e-con-full e-flex e-con e-parent\" data-id=\"d33f11e\" data-element_type=\"container\" data-e-type=\"container\">\n\t\t<div class=\"elementor-element elementor-element-e349107 e-flex e-con-boxed e-con e-child\" data-id=\"e349107\" data-element_type=\"container\" data-e-type=\"container\">\n\t\t\t\t\t<div class=\"e-con-inner\">\n\t\t<div class=\"elementor-element elementor-element-39d1e9a e-con-full e-flex e-con e-child\" data-id=\"39d1e9a\" data-element_type=\"container\" data-e-type=\"container\" data-settings=\"{&quot;background_background&quot;:&quot;classic&quot;}\">\n\t\t\t\t<div class=\"elementor-element elementor-element-d6a66c1 elementor-widget elementor-widget-heading\" data-id=\"d6a66c1\" data-element_type=\"widget\" data-e-type=\"widget\" data-widget_type=\"heading.default\">\n\t\t\t\t<div class=\"elementor-widget-container\">\n\t\t\t\t\t<h2 class=\"elementor-heading-title elementor-size-default\">Investiranje<\/h2>\t\t\t\t<\/div>\n\t\t\t\t<\/div>\n\t\t\t\t<div class=\"elementor-element elementor-element-324ee9b elementor-widget__width-initial elementor-widget elementor-widget-text-editor\" data-id=\"324ee9b\" data-element_type=\"widget\" data-e-type=\"widget\" data-widget_type=\"text-editor.default\">\n\t\t\t\t<div class=\"elementor-widget-container\">\n\t\t\t\t\t\t\t\t\tVa\u0161 partner na putu do uspjeha\t\t\t\t\t\t\t\t<\/div>\n\t\t\t\t<\/div>\n\t\t\t\t<\/div>\n\t\t\t\t\t<\/div>\n\t\t\t\t<\/div>\n\t\t\t\t<\/div>\n\t\t<div class=\"elementor-element elementor-element-ec14bed e-flex e-con-boxed e-con e-parent\" data-id=\"ec14bed\" data-element_type=\"container\" data-e-type=\"container\">\n\t\t\t\t\t<div class=\"e-con-inner\">\n\t\t<div class=\"elementor-element elementor-element-50a8d84 e-con-full e-flex e-con e-child\" data-id=\"50a8d84\" data-element_type=\"container\" data-e-type=\"container\">\n\t\t\t\t<div class=\"elementor-element elementor-element-1a09b9d elementor-widget elementor-widget-heading\" data-id=\"1a09b9d\" data-element_type=\"widget\" data-e-type=\"widget\" data-widget_type=\"heading.default\">\n\t\t\t\t<div class=\"elementor-widget-container\">\n\t\t\t\t\t<h2 class=\"elementor-heading-title elementor-size-default\">U sredi\u0161tu tvrtke Medinsol Consulting susre\u0107u se inovacija, investicije i brojne mogu\u0107nosti za\nuspjeh poslovanja.\n<\/h2>\t\t\t\t<\/div>\n\t\t\t\t<\/div>\n\t\t\t\t<div class=\"elementor-element elementor-element-64da627 elementor-widget elementor-widget-text-editor\" data-id=\"64da627\" data-element_type=\"widget\" data-e-type=\"widget\" data-widget_type=\"text-editor.default\">\n\t\t\t\t<div class=\"elementor-widget-container\">\n\t\t\t\t\t\t\t\t\t<p>Osim pru\u017eanja stru\u010dnih savjeta u zdravstvenom poslovanju, na\u0161a strast le\u017ei i u<\/p><p>podr\u017eavanju te investiranju u perspektivne start-up projekte te projekte u razvoju. Ako<\/p><p>imate jedinstvenu ideju ili ste ve\u0107 na putu prema ostvarenju poslovnih ambicija, mi smo<\/p><p>ovdje da vam pru\u017eimo podr\u0161ku.<\/p><p>Na\u0161 tim stru\u010dnjaka posjeduje temeljita zanja u razumijevanju zdravstvene industrije i tr\u017ei\u0161ta, \u0161to namomogu\u0107uje preciznu procjenu potencijala projekata. Nudimo vam financijsku potporu tijekom svih klju\u010dnih razvojnih faza.\u00a0<\/p>\t\t\t\t\t\t\t\t<\/div>\n\t\t\t\t<\/div>\n\t\t\t\t<\/div>\n\t\t<div class=\"elementor-element elementor-element-2278593 e-con-full e-flex e-con e-child\" data-id=\"2278593\" data-element_type=\"container\" data-e-type=\"container\">\n\t\t\t\t<div class=\"elementor-element elementor-element-9399e94 elementor-position-inline-start elementor-widget__width-initial elementor-widget-mobile__width-inherit elementor-view-default elementor-mobile-position-block-start elementor-widget elementor-widget-icon-box\" data-id=\"9399e94\" data-element_type=\"widget\" data-e-type=\"widget\" data-widget_type=\"icon-box.default\">\n\t\t\t\t<div class=\"elementor-widget-container\">\n\t\t\t\t\t\t\t<div class=\"elementor-icon-box-wrapper\">\n\n\t\t\t\t\t\t<div class=\"elementor-icon-box-icon\">\n\t\t\t\t<span  class=\"elementor-icon\">\n\t\t\t\t<svg xmlns=\"http:\/\/www.w3.org\/2000\/svg\" xmlns:xlink=\"http:\/\/www.w3.org\/1999\/xlink\" id=\"Capa_1\" x=\"0px\" y=\"0px\" viewBox=\"0 0 512.001 512.001\" style=\"enable-background:new 0 0 512.001 512.001;\" xml:space=\"preserve\"> <g> <g> <path d=\"M354.675,180.814h-22.714c-1.387-4.402-3.151-8.664-5.28-12.753L342.741,152c2.007-2.007,3.112-4.676,3.112-7.515 c0-2.84-1.105-5.509-3.112-7.516l-18.901-18.902c-4.144-4.141-10.886-4.143-15.031,0.001l-16.061,16.061 c-4.089-2.129-8.352-3.894-12.753-5.28v-22.715c-0.001-5.86-4.769-10.629-10.63-10.629h-26.731 c-5.86,0-10.628,4.768-10.628,10.629v22.715c-4.402,1.387-8.664,3.151-12.754,5.28l-16.062-16.062 c-4.144-4.142-10.886-4.141-15.03,0.001l-18.9,18.9c-2.008,2.007-3.114,4.676-3.114,7.516c0,2.839,1.106,5.508,3.113,7.515 l16.061,16.061c-2.129,4.089-3.894,8.352-5.28,12.753h-22.715c-5.86,0-10.628,4.768-10.628,10.629v26.731 c0,5.86,4.768,10.628,10.628,10.628h22.715c1.387,4.401,3.151,8.665,5.28,12.753l-16.061,16.061 c-4.144,4.144-4.144,10.887,0,15.031l18.901,18.901c4.144,4.145,10.888,4.144,15.031,0l16.061-16.061 c4.089,2.129,8.353,3.894,12.754,5.28v22.715c0,5.86,4.768,10.628,10.628,10.628h26.731c5.86,0,10.629-4.768,10.629-10.628 v-22.715c4.4-1.386,8.664-3.151,12.753-5.28l16.061,16.061c4.145,4.145,10.888,4.144,15.032,0l18.9-18.901 c2.007-2.007,3.112-4.676,3.112-7.515c0-2.839-1.105-5.508-3.112-7.516l-16.061-16.061c2.129-4.089,3.894-8.352,5.28-12.753 h22.715c5.86,0,10.629-4.768,10.629-10.628v-26.731C365.304,185.582,360.535,180.814,354.675,180.814z M350.305,213.801h-24.059 c-3.484,0-6.509,2.399-7.303,5.792c-1.599,6.835-4.283,13.318-7.978,19.267c-1.839,2.96-1.396,6.796,1.067,9.261l17.011,17.011 l-12.718,12.718l-17.011-17.011c-2.464-2.464-6.3-2.908-9.262-1.068c-5.95,3.695-12.433,6.379-19.266,7.979 c-3.393,0.793-5.792,3.818-5.792,7.303v24.06h-17.985v-24.06c0-3.484-2.399-6.509-5.792-7.303 c-6.833-1.598-13.316-4.282-19.267-7.979c-2.959-1.836-6.796-1.396-9.261,1.068l-17.011,17.011l-12.718-12.718l17.011-17.011 c2.464-2.464,2.906-6.3,1.068-9.261c-3.695-5.95-6.379-12.433-7.978-19.267c-0.793-3.393-3.819-5.792-7.303-5.792h-24.059v-17.985 h24.059c3.484,0,6.509-2.399,7.303-5.792c1.599-6.834,4.283-13.317,7.978-19.267c1.838-2.96,1.396-6.796-1.068-9.261 l-17.011-17.011l12.718-12.718l17.011,17.011c2.462,2.464,6.3,2.907,9.261,1.068c5.949-3.695,12.432-6.379,19.267-7.978 c3.393-0.793,5.792-3.818,5.792-7.303v-24.06h17.985v24.06c0,3.484,2.399,6.509,5.792,7.303 c6.834,1.599,13.316,4.283,19.267,7.978c2.958,1.837,6.796,1.394,9.261-1.068l17.011-17.011l12.718,12.718l-17.011,17.011 c-2.464,2.464-2.906,6.3-1.067,9.261c3.694,5.948,6.378,12.431,7.978,19.267c0.794,3.393,3.818,5.792,7.303,5.792h24.059V213.801z \"><\/path> <\/g> <\/g> <g> <g> <path d=\"M256,164.628c-22.156,0-40.18,18.025-40.18,40.18s18.025,40.18,40.18,40.18s40.18-18.025,40.18-40.18 C296.18,182.653,278.156,164.628,256,164.628z M256,229.988c-13.884,0-25.18-11.296-25.18-25.18s11.296-25.18,25.18-25.18 c13.884,0,25.18,11.296,25.18,25.18S269.884,229.988,256,229.988z\"><\/path> <\/g> <\/g> <g> <g> <path d=\"M83.574,197.308H58.692c-4.142,0-7.5,3.358-7.5,7.5s3.358,7.5,7.5,7.5h24.882c4.142,0,7.5-3.358,7.5-7.5 S87.716,197.308,83.574,197.308z\"><\/path> <\/g> <\/g> <g> <g> <path d=\"M453.309,197.308h-24.882c-4.143,0-7.5,3.358-7.5,7.5s3.357,7.5,7.5,7.5h24.882c4.143,0,7.5-3.358,7.5-7.5 S457.451,197.308,453.309,197.308z\"><\/path> <\/g> <\/g> <g> <g> <path d=\"M139.379,321.429c-2.928-2.929-7.677-2.929-10.607,0l-17.594,17.594c-2.929,2.929-2.929,7.678,0,10.607 c2.929,2.929,7.678,2.929,10.607,0l17.594-17.594C142.308,329.107,142.308,324.358,139.379,321.429z\"><\/path> <\/g> <\/g> <g> <g> <path d=\"M400.822,59.988c-2.93-2.929-7.678-2.929-10.608,0L372.62,77.582c-2.929,2.929-2.929,7.678,0,10.607 c2.93,2.929,7.678,2.928,10.608,0l17.594-17.594C403.751,67.665,403.751,62.916,400.822,59.988z\"><\/path> <\/g> <\/g> <g> <g> <path d=\"M256.001,0c-4.143,0-7.5,3.358-7.5,7.5v24.882c0,4.142,3.357,7.5,7.5,7.5s7.5-3.358,7.5-7.5V7.5 C263.501,3.358,260.144,0,256.001,0z\"><\/path> <\/g> <\/g> <g> <g> <path d=\"M400.822,339.023l-17.594-17.594c-2.93-2.929-7.678-2.929-10.608,0c-2.929,2.929-2.929,7.679,0,10.607l17.594,17.594 c2.93,2.929,7.678,2.929,10.608,0C403.751,346.701,403.751,341.952,400.822,339.023z\"><\/path> <\/g> <\/g> <g> <g> <path d=\"M139.379,77.582l-17.594-17.594c-2.929-2.929-7.678-2.929-10.607,0c-2.929,2.929-2.929,7.678,0,10.607l17.594,17.594 c2.929,2.929,7.678,2.929,10.607,0C142.308,85.259,142.308,80.51,139.379,77.582z\"><\/path> <\/g> <\/g> <g> <g> <path d=\"M405.629,186.435c-8.071-68.875-62.668-123.477-131.22-131.833c-4.105-0.505-7.852,2.426-8.354,6.537 c-0.501,4.112,2.426,7.852,6.538,8.354c62.257,7.588,110.837,56.395,118.136,118.688c0.447,3.817,3.688,6.627,7.439,6.627 c0.292,0,0.586-0.017,0.883-0.051C403.167,194.276,406.111,190.55,405.629,186.435z\"><\/path> <\/g> <\/g> <g> <g> <path d=\"M398.963,214.868c-4.116-0.524-7.863,2.389-8.383,6.499c-5.113,40.388-27.909,76.025-62.543,97.77 c-14.931,9.375-23.844,25.419-23.844,42.917v30.867h-96.383v-31.55c0-16.944-8.855-32.952-23.108-41.775 c-40.306-24.95-64.37-68.107-64.371-115.446c0-68.352,51.198-126.238,119.091-134.648c4.111-0.509,7.03-4.255,6.521-8.366 c-0.509-4.11-4.253-7.037-8.366-6.521c-75.015,9.293-132.25,73.803-132.249,149.535c0,26.133,6.797,51.881,19.658,74.461 c12.467,21.89,30.386,40.472,51.818,53.739c9.871,6.11,16.002,17.23,16.002,29.02v32.643c-7.626,2.65-13.125,9.892-13.125,18.409 v10.692c0,4.527,1.564,8.688,4.161,12.001c-2.598,3.313-4.161,7.473-4.161,12.001v10.691c0,10.753,8.749,19.501,19.501,19.501 h23.58v16.955c0,9.781,7.957,17.738,17.737,17.738h30.997c9.781,0,17.737-7.957,17.737-17.738v-16.955h23.58 c10.753,0,19.501-8.749,19.501-19.501v-10.691c0-4.527-1.564-8.688-4.162-12.001c2.598-3.313,4.162-7.473,4.162-12.001v-10.692 c0-8.518-5.498-15.759-13.125-18.409v-31.96c0-12.305,6.287-23.599,16.82-30.212c38.454-24.144,63.768-63.724,69.447-108.59 C405.981,219.141,403.072,215.388,398.963,214.868z M274.235,494.262c0,1.483-1.253,2.737-2.736,2.737h-30.997 c-1.483,0-2.736-1.253-2.736-2.737v-16.955h36.469V494.262z M317.317,457.806c0,2.439-2.061,4.5-4.5,4.5 c-13.24,0-101.138,0-113.632,0c-2.439,0-4.5-2.061-4.5-4.5v-10.691c0-2.439,2.061-4.5,4.5-4.5h113.632c2.439,0,4.5,2.061,4.5,4.5 V457.806z M317.317,423.113c0,2.439-2.061,4.5-4.5,4.5H199.185c-2.439,0-4.5-2.061-4.5-4.5v-10.692c0-2.439,2.061-4.5,4.5-4.5 h113.632c2.439,0,4.5,2.061,4.5,4.5V423.113z\"><\/path> <\/g> <\/g> <g> <\/g> <g> <\/g> <g> <\/g> <g> <\/g> <g> <\/g> <g> <\/g> <g> <\/g> <g> <\/g> <g> <\/g> <g> <\/g> <g> <\/g> <g> <\/g> <g> <\/g> <g> <\/g> <g> <\/g> <\/svg>\t\t\t\t<\/span>\n\t\t\t<\/div>\n\t\t\t\n\t\t\t\t\t\t<div class=\"elementor-icon-box-content\">\n\n\t\t\t\t\t\t\t\t\t<div class=\"elementor-icon-box-title\">\n\t\t\t\t\t\t<span  >\n\t\t\t\t\t\t\tINOVACIJA\t\t\t\t\t\t<\/span>\n\t\t\t\t\t<\/div>\n\t\t\t\t\n\t\t\t\t\n\t\t\t<\/div>\n\t\t\t\n\t\t<\/div>\n\t\t\t\t\t\t<\/div>\n\t\t\t\t<\/div>\n\t\t\t\t<div class=\"elementor-element elementor-element-2c28e58 elementor-position-inline-start elementor-widget__width-initial elementor-widget-mobile__width-inherit elementor-view-default elementor-mobile-position-block-start elementor-widget elementor-widget-icon-box\" data-id=\"2c28e58\" data-element_type=\"widget\" data-e-type=\"widget\" data-widget_type=\"icon-box.default\">\n\t\t\t\t<div class=\"elementor-widget-container\">\n\t\t\t\t\t\t\t<div class=\"elementor-icon-box-wrapper\">\n\n\t\t\t\t\t\t<div class=\"elementor-icon-box-icon\">\n\t\t\t\t<span  class=\"elementor-icon\">\n\t\t\t\t<svg xmlns=\"http:\/\/www.w3.org\/2000\/svg\" id=\"Layer_1\" height=\"512\" viewBox=\"0 0 512 512\" width=\"512\"><path d=\"m421.01 438.18c-5.99 0-11.87.8-17.55 2.39-12.89-18.2-33.98-29.27-56.5-29.27-10.74 0-21.23 2.47-30.74 7.19-12.72-15.9-31.16-25.96-51.39-28.05 5.42-17.75 17.79-34.19 31.76-47.66.14.12.27.27.42.38 19.62 14.95 36.85 22.32 52.33 22.32 3.7 0 7.29-.42 10.79-1.26 27.25-6.52 41.52-36.02 55.31-64.55 9.92-20.52 20.18-41.75 33.43-47.65 3.29-1.47 5.19-4.95 4.65-8.51s-3.4-6.32-6.98-6.74c-85.12-9.99-134.35 16.6-152.05 44.82-9.19 14.65-11.05 31.1-5.63 46.69-9.12 8.45-17.75 18.04-24.84 28.41v-110.52c64.09-4.14 114.97-57.58 114.97-122.7-.02-67.81-55.19-122.97-122.99-122.97s-122.97 55.16-122.97 122.97c0 65.12 50.88 118.56 114.97 122.7v95.15c-6.93-9.83-15.55-18.1-24.74-25.02 4.01-15.55 1.03-31.42-8.82-45.14-19.42-27.06-70.23-50.54-154.55-35.27-3.54.64-6.22 3.57-6.54 7.16s1.8 6.95 5.17 8.21c13.59 5.07 25.15 25.61 36.33 45.48 15.54 27.62 31.61 56.18 59.22 60.99 2.59.45 5.21.68 7.87.68 16.26 0 33.96-8.44 53.81-25.62.41-.35.77-.75 1.09-1.18 16.33 13.23 29.61 31.43 31.16 56v2.94c-20.15 2.35-38.37 12.58-50.89 28.62-9.85-5.16-20.79-7.87-32.07-7.87-22.53 0-43.62 11.07-56.5 29.27-5.69-1.59-11.57-2.39-17.55-2.39-36.02 0-65.32 29.3-65.32 65.32 0 4.42 3.58 8 8 8h444.67c4.42 0 8-3.58 8-8-.01-36.02-29.31-65.32-65.33-65.32zm-112.98-148.1c13.16-20.98 51.35-42.47 117.12-39.09-9.26 10.95-16.56 26.05-24.13 41.71-12.17 25.17-24.75 51.2-44.63 55.96-12.55 3.01-28.56-2.61-47.59-16.66 15.35-12.39 30.77-20.9 39.8-23.53 4.24-1.24 6.68-5.68 5.44-9.92s-5.68-6.68-9.92-5.44c-10.54 3.07-26.12 11.54-41.76 23.69-1.54-9.07.33-18.21 5.67-26.72zm-151.22 51.88c-20.13-3.51-34.31-28.7-48.02-53.07-8.53-15.16-16.76-29.78-26.68-40.13 65.43-7.47 104.89 11.61 119.33 31.73 5.83 8.13 8.27 17.09 7.32 26.2-16.25-9.54-32.54-15.42-43.32-18.67-4.23-1.28-8.69 1.12-9.97 5.35-1.27 4.23 1.12 8.69 5.35 9.97 10.51 3.17 26.91 9.1 42.68 18.84-18.21 15.34-33.92 22-46.69 19.78zm-7.78-218.49c0-58.98 47.99-106.97 106.97-106.97s106.97 47.99 106.97 106.97-47.99 106.97-106.97 106.97-106.97-47.99-106.97-106.97zm-106.71 372.03c3.83-23.4 24.2-41.32 48.67-41.32 6.22 0 12.28 1.14 18.01 3.39 3.69 1.45 7.9-.03 9.87-3.47 9.46-16.53 27.16-26.8 46.18-26.8 10.71 0 21.02 3.17 29.84 9.16 1.8 1.22 4.01 1.66 6.13 1.21 2.12-.44 3.98-1.73 5.13-3.57 11.06-17.58 30.05-28.07 50.78-28.07 20.37 0 39.17 10.21 50.29 27.31 2.4 3.69 7.33 4.75 11.03 2.37 8.56-5.5 18.48-8.4 28.7-8.4 19.02 0 36.72 10.27 46.18 26.8 1.97 3.45 6.17 4.92 9.87 3.47 5.73-2.25 11.79-3.39 18.01-3.39 24.47 0 44.84 17.92 48.67 41.32h-427.36zm305.51-372.03c0-50.64-41.2-91.83-91.83-91.83s-91.83 41.2-91.83 91.83 41.2 91.83 91.83 91.83 91.83-41.2 91.83-91.83zm-167.66 0c0-41.81 34.02-75.83 75.83-75.83s75.83 34.02 75.83 75.83-34.02 75.83-75.83 75.83-75.83-34.02-75.83-75.83zm75.83 55.69c-4.42 0-8-3.58-8-8v-4.14c-6.63-1.14-12.67-4.86-16.69-10.42-2.59-3.58-1.79-8.58 1.79-11.17s8.58-1.79 11.17 1.79c1.89 2.61 4.91 4.17 8.08 4.17h5.66c5.49 0 9.96-4.47 9.96-9.96s-4.47-9.96-9.96-9.96h-4.02c-14.32 0-25.96-11.65-25.96-25.96 0-12.25 8.53-22.55 19.97-25.27v-4.47c0-4.42 3.58-8 8-8s8 3.58 8 8v4.14c6.63 1.14 12.67 4.86 16.69 10.42 2.59 3.58 1.79 8.58-1.79 11.17s-8.58 1.79-11.17-1.79c-1.89-2.61-4.91-4.17-8.08-4.17h-5.66c-5.49 0-9.96 4.47-9.96 9.96s4.47 9.96 9.96 9.96h4.02c14.32 0 25.96 11.65 25.96 25.96 0 12.25-8.53 22.55-19.97 25.27v4.47c0 4.42-3.58 8-8 8zm142.75-120.48 26.19-29.92c1.52-1.74 3.71-2.73 6.02-2.73s4.5 1 6.02 2.73l26.2 29.92c2.91 3.32 2.57 8.38-.75 11.29s-8.38 2.57-11.29-.75l-12.17-13.91v133.72c0 4.42-3.58 8-8 8s-8-3.58-8-8v-133.72l-12.17 13.91c-1.58 1.81-3.8 2.73-6.02 2.73-1.87 0-3.75-.65-5.27-1.98-3.33-2.91-3.67-7.97-.76-11.29zm-349.93 0 26.19-29.92c1.52-1.74 3.71-2.73 6.02-2.73s4.5 1 6.02 2.73l26.19 29.92c2.91 3.32 2.57 8.38-.75 11.29s-8.38 2.57-11.29-.75l-12.17-13.91v133.72c0 4.42-3.58 8-8 8s-8-3.58-8-8v-133.72l-12.17 13.91c-1.58 1.81-3.8 2.73-6.02 2.73-1.87 0-3.75-.65-5.27-1.98-3.33-2.91-3.66-7.97-.75-11.29z\"><\/path><\/svg>\t\t\t\t<\/span>\n\t\t\t<\/div>\n\t\t\t\n\t\t\t\t\t\t<div class=\"elementor-icon-box-content\">\n\n\t\t\t\t\t\t\t\t\t<div class=\"elementor-icon-box-title\">\n\t\t\t\t\t\t<span  >\n\t\t\t\t\t\t\tInvestiranje\t\t\t\t\t\t<\/span>\n\t\t\t\t\t<\/div>\n\t\t\t\t\n\t\t\t\t\n\t\t\t<\/div>\n\t\t\t\n\t\t<\/div>\n\t\t\t\t\t\t<\/div>\n\t\t\t\t<\/div>\n\t\t\t\t<div class=\"elementor-element elementor-element-d792b53 elementor-position-inline-start elementor-widget__width-initial elementor-widget-mobile__width-inherit elementor-view-default elementor-mobile-position-block-start elementor-widget elementor-widget-icon-box\" data-id=\"d792b53\" data-element_type=\"widget\" data-e-type=\"widget\" data-widget_type=\"icon-box.default\">\n\t\t\t\t<div class=\"elementor-widget-container\">\n\t\t\t\t\t\t\t<div class=\"elementor-icon-box-wrapper\">\n\n\t\t\t\t\t\t<div class=\"elementor-icon-box-icon\">\n\t\t\t\t<span  class=\"elementor-icon\">\n\t\t\t\t<svg xmlns=\"http:\/\/www.w3.org\/2000\/svg\" id=\"Layer_1\" data-name=\"Layer 1\" viewBox=\"0 0 512 512\" width=\"512\" height=\"512\"><path d=\"M432.916,205.039a57.752,57.752,0,1,0-41.322.024,93.605,93.605,0,0,0-65.39,43.414,134.744,134.744,0,0,0-43.847-13.041,82.817,82.817,0,1,0-52.715,0A134.738,134.738,0,0,0,185.8,248.477a93.619,93.619,0,0,0-65.39-43.414,57.754,57.754,0,1,0-41.321-.024A93.159,93.159,0,0,0,0,297.009v39.608a8,8,0,0,0,8,8H112.435a135.994,135.994,0,0,0-2.448,25.694v59.563a8,8,0,0,0,8,8H394.013a8,8,0,0,0,8-8V370.311a135.994,135.994,0,0,0-2.448-25.694H504a8,8,0,0,0,8-8V297.009A93.159,93.159,0,0,0,432.916,205.039ZM407.78,220h8.888l8.492,61.21-12.935,15.428-12.936-15.428Zm-37.308-68.861a41.753,41.753,0,1,1,41.753,41.752A41.8,41.8,0,0,1,370.472,151.135ZM279.69,347.764,256,376.019l-23.691-28.255,13.5-97.3h20.385Zm-90.507-190.82A66.817,66.817,0,1,1,256,223.761,66.894,66.894,0,0,1,189.183,156.944ZM95.331,220h8.889l8.491,61.21L99.775,296.634,86.84,281.206ZM58.023,151.135a41.753,41.753,0,1,1,41.752,41.752A41.8,41.8,0,0,1,58.023,151.135Zm-3.9,177.482c.02-.229.035-.459.035-.694V287.832a8,8,0,0,0-16,0v40.091c0,.235.015.465.035.694H16V297.009A77.126,77.126,0,0,1,79,221.3L70.5,282.525a8,8,0,0,0,1.793,6.24l21.348,25.46a8,8,0,0,0,12.261,0l21.348-25.46a8,8,0,0,0,1.794-6.24l-8.493-61.212a77.6,77.6,0,0,1,51.335,35.1,136.469,136.469,0,0,0-55.348,72.208Zm331.889,93.257h-43.2a7.969,7.969,0,0,0,1.815-5.075v-60.29a8,8,0,0,0-16,0V416.8a7.97,7.97,0,0,0,1.816,5.075H181.555a7.964,7.964,0,0,0,1.816-5.075v-60.29a8,8,0,0,0-16,0V416.8a7.97,7.97,0,0,0,1.816,5.075h-43.2V370.311A120.02,120.02,0,0,1,229.5,251.585l-13.526,97.5a8,8,0,0,0,1.794,6.24l32.1,38.287a8,8,0,0,0,12.261,0l32.1-38.287a8,8,0,0,0,1.794-6.24l-13.527-97.5A120.02,120.02,0,0,1,386.013,370.311ZM496,328.617H473.806c.019-.229.035-.459.035-.694V287.832a8,8,0,0,0-16,0v40.091c0,.235.015.465.035.694H395.458a136.475,136.475,0,0,0-55.347-72.208,77.592,77.592,0,0,1,51.334-35.1l-8.493,61.212a8,8,0,0,0,1.794,6.24l21.348,25.46a8,8,0,0,0,12.261,0l21.348-25.46a8,8,0,0,0,1.793-6.24L433,221.3a77.126,77.126,0,0,1,63,75.712Z\"><\/path><\/svg>\t\t\t\t<\/span>\n\t\t\t<\/div>\n\t\t\t\n\t\t\t\t\t\t<div class=\"elementor-icon-box-content\">\n\n\t\t\t\t\t\t\t\t\t<div class=\"elementor-icon-box-title\">\n\t\t\t\t\t\t<span  >\n\t\t\t\t\t\t\ttim stru\u010dnjaka\t\t\t\t\t\t<\/span>\n\t\t\t\t\t<\/div>\n\t\t\t\t\n\t\t\t\t\n\t\t\t<\/div>\n\t\t\t\n\t\t<\/div>\n\t\t\t\t\t\t<\/div>\n\t\t\t\t<\/div>\n\t\t\t\t<div class=\"elementor-element elementor-element-3f3ba88 elementor-position-inline-start elementor-widget__width-initial elementor-widget-mobile__width-inherit elementor-view-default elementor-mobile-position-block-start elementor-widget elementor-widget-icon-box\" data-id=\"3f3ba88\" data-element_type=\"widget\" data-e-type=\"widget\" data-widget_type=\"icon-box.default\">\n\t\t\t\t<div class=\"elementor-widget-container\">\n\t\t\t\t\t\t\t<div class=\"elementor-icon-box-wrapper\">\n\n\t\t\t\t\t\t<div class=\"elementor-icon-box-icon\">\n\t\t\t\t<span  class=\"elementor-icon\">\n\t\t\t\t<svg xmlns=\"http:\/\/www.w3.org\/2000\/svg\" id=\"Icons\" viewBox=\"0 0 60 60\" width=\"512\" height=\"512\"><path d=\"M57,0H17a3,3,0,0,0-3,3V4.208c-3.547.531-5.028,1.961-5.61,2.823A6.043,6.043,0,0,0,5.276,8.3a5.716,5.716,0,0,0-2.058,3.374A12.423,12.423,0,0,0,3,14a38.4,38.4,0,0,0,1.015,8.18,3.924,3.924,0,0,0,3.02,3.664A10.022,10.022,0,0,0,12,33.631V36.5L8.643,39.018A9,9,0,0,0,0,48v8a4,4,0,0,0,4,4H30a4,4,0,0,0,4-4V48a8.935,8.935,0,0,0-.059-1H47a2,2,0,0,0,2-2,4,4,0,0,0-3.8-3.98A4.133,4.133,0,0,1,42.11,38H57a3,3,0,0,0,3-3V3A3,3,0,0,0,57,0ZM16,3a1,1,0,0,1,1-1H57a1,1,0,0,1,1,1V31H25a9.99,9.99,0,0,0,2.017-5.129,3.991,3.991,0,0,0,2.971-3.691A38.417,38.417,0,0,0,31,14h4a1,1,0,0,0,0-2H30.828c-.018-.111-.027-.224-.048-.334A5.638,5.638,0,0,0,30.159,10H40a1,1,0,0,0,0-2H28.3a5.952,5.952,0,0,0-2.695-.97,5.146,5.146,0,0,0-1.428-1.361C22.522,4.562,20.107,4,17,4c-.347,0-.679.008-1,.021ZM5.183,12.05A3.663,3.663,0,0,1,6.521,9.864,3.96,3.96,0,0,1,9,9a1.047,1.047,0,0,0,.937-.653C9.947,8.323,10.972,6,17,6c3.369,0,5.157.724,6.067,1.333a2.738,2.738,0,0,1,.985.983A1,1,0,0,0,25,9a3.86,3.86,0,0,1,3.817,3.048c.06.311.1.627.134.947V13c0,.007,0,.013,0,.021.031.324.046.651.046.979a32.755,32.755,0,0,1-.428,4.961,3.983,3.983,0,0,0-1.617-.825A7.214,7.214,0,0,0,21.6,12.06a1.448,1.448,0,0,0-1.578.545A3.486,3.486,0,0,1,17,14a3.494,3.494,0,0,1-3.043-1.422A1.435,1.435,0,0,0,12.4,12.06c-.071.02-.152.045-.242.075A7.223,7.223,0,0,0,7,18.125a3.974,3.974,0,0,0-1.578.825A32.743,32.743,0,0,1,5,14,10.419,10.419,0,0,1,5.183,12.05ZM9.028,25.678A1.986,1.986,0,0,0,7.49,23.936,2,2,0,0,1,7.5,20.063a2,2,0,0,0,1.535-1.714A5.138,5.138,0,0,1,12.6,14.1,5.541,5.541,0,0,0,17,16a5.541,5.541,0,0,0,4.4-1.9,6.579,6.579,0,0,1,.973.445,4.862,4.862,0,0,1,2.594,3.806l0,.008A2,2,0,0,0,26.5,20.063a2,2,0,0,1,.009,3.873,1.983,1.983,0,0,0-1.537,1.74,8,8,0,0,1-15.945,0ZM30,40.522a8.942,8.942,0,0,0-4.643-1.5L24,38h7.885A3.8,3.8,0,0,1,30,40.522ZM21,38.25l2.507,1.88L21,42.8,18.493,40.13ZM17,35a9.846,9.846,0,0,0,3-.475V36.5l-3,2.25L14,36.5V34.525A9.841,9.841,0,0,0,17,35Zm-4,3.25,2.507,1.88L13,42.8,10.493,40.13ZM32,56a2,2,0,0,1-2,2H4a2,2,0,0,1-2-2V48a7,7,0,0,1,6.587-6.979l3.277,3.5a1.576,1.576,0,0,0,2.282-.012L17,41.462l2.864,3.055a1.576,1.576,0,0,0,2.282-.012l3.267-3.484A7,7,0,0,1,32,48ZM47,45H33.475a8.919,8.919,0,0,0-1-2H45A2,2,0,0,1,47,45Zm-5.544-4H32.543a5.775,5.775,0,0,0,1.379-3H40.08A5.724,5.724,0,0,0,41.456,41ZM57,36H22V33.633A10.186,10.186,0,0,0,22.968,33H58v2A1,1,0,0,1,57,36Z\"><\/path><path d=\"M50,16a6,6,0,1,0-6-6A6.006,6.006,0,0,0,50,16Zm0-2a3.947,3.947,0,0,1-2.019-.567L50.414,11h3.444A4,4,0,0,1,50,14Zm3.858-5H51V6.142A3.991,3.991,0,0,1,53.858,9ZM49,6.142V9.586l-2.433,2.433A3.947,3.947,0,0,1,46,10,4,4,0,0,1,49,6.142Z\"><\/path><path d=\"M31,26a1,1,0,0,0-1,1v1a1,1,0,0,0,2,0V27A1,1,0,0,0,31,26Z\"><\/path><path d=\"M35,23a1,1,0,0,0-1,1v4a1,1,0,0,0,2,0V24A1,1,0,0,0,35,23Z\"><\/path><path d=\"M39,20a1,1,0,0,0-1,1v7a1,1,0,0,0,2,0V21A1,1,0,0,0,39,20Z\"><\/path><path d=\"M43,29a1,1,0,0,0,1-1V25a1,1,0,0,0-2,0v3A1,1,0,0,0,43,29Z\"><\/path><path d=\"M47,22a1,1,0,0,0-1,1v5a1,1,0,0,0,2,0V23A1,1,0,0,0,47,22Z\"><\/path><path d=\"M51,20a1,1,0,0,0-1,1v7a1,1,0,0,0,2,0V21A1,1,0,0,0,51,20Z\"><\/path><path d=\"M55,18a1,1,0,0,0-1,1v9a1,1,0,0,0,2,0V19A1,1,0,0,0,55,18Z\"><\/path><\/svg>\t\t\t\t<\/span>\n\t\t\t<\/div>\n\t\t\t\n\t\t\t\t\t\t<div class=\"elementor-icon-box-content\">\n\n\t\t\t\t\t\t\t\t\t<div class=\"elementor-icon-box-title\">\n\t\t\t\t\t\t<span  >\n\t\t\t\t\t\t\tprocjena potencijala projekata\t\t\t\t\t\t<\/span>\n\t\t\t\t\t<\/div>\n\t\t\t\t\n\t\t\t\t\n\t\t\t<\/div>\n\t\t\t\n\t\t<\/div>\n\t\t\t\t\t\t<\/div>\n\t\t\t\t<\/div>\n\t\t\t\t<\/div>\n\t\t\t\t\t<\/div>\n\t\t\t\t<\/div>\n\t\t<div class=\"elementor-element elementor-element-521776e e-flex e-con-boxed e-con e-parent\" data-id=\"521776e\" data-element_type=\"container\" data-e-type=\"container\">\n\t\t\t\t\t<div class=\"e-con-inner\">\n\t\t\t\t<div class=\"elementor-element elementor-element-aa116dd elementor-widget elementor-widget-heading\" data-id=\"aa116dd\" data-element_type=\"widget\" data-e-type=\"widget\" data-widget_type=\"heading.default\">\n\t\t\t\t<div class=\"elementor-widget-container\">\n\t\t\t\t\t<h2 class=\"elementor-heading-title elementor-size-default\">Zajedno mo\u017eemo izgraditi unosnu instituciju koja prerasta postoje\u0107e standarde i stvara nov i originalan pristup na podru\u010dju zdravstvenog poduzetni\u0161tva.<\/h2>\t\t\t\t<\/div>\n\t\t\t\t<\/div>\n\t\t\t\t<div class=\"elementor-element elementor-element-b54a866 elementor-align-center elementor-widget elementor-widget-button\" data-id=\"b54a866\" data-element_type=\"widget\" data-e-type=\"widget\" data-widget_type=\"button.default\">\n\t\t\t\t<div class=\"elementor-widget-container\">\n\t\t\t\t\t\t\t\t\t<div class=\"elementor-button-wrapper\">\n\t\t\t\t\t<a class=\"elementor-button elementor-button-link elementor-size-sm\" href=\"https:\/\/medinsol.hr\/index.php\/kontakt\/\">\n\t\t\t\t\t\t<span class=\"elementor-button-content-wrapper\">\n\t\t\t\t\t\t\t\t\t<span class=\"elementor-button-text\">KONTAKTIRAJTE NAS<\/span>\n\t\t\t\t\t<\/span>\n\t\t\t\t\t<\/a>\n\t\t\t\t<\/div>\n\t\t\t\t\t\t\t\t<\/div>\n\t\t\t\t<\/div>\n\t\t\t\t\t<\/div>\n\t\t\t\t<\/div>\n\t\t\t\t<\/div>\n\t\t","protected":false},"excerpt":{"rendered":"<p>Investiranje Va\u0161 partner na putu do uspjeha U sredi\u0161tu tvrtke Medinsol Consulting susre\u0107u se inovacija, investicije i brojne mogu\u0107nosti za uspjeh poslovanja. Osim pru\u017eanja stru\u010dnih savjeta u zdravstvenom poslovanju, na\u0161a strast le\u017ei i u podr\u017eavanju te investiranju u perspektivne start-up projekte te projekte u razvoju. Ako imate jedinstvenu ideju ili ste ve\u0107 na putu prema [&hellip;]<\/p>\n","protected":false},"author":1,"featured_media":0,"parent":0,"menu_order":0,"comment_status":"closed","ping_status":"closed","template":"","meta":{"footnotes":""},"class_list":["post-308","page","type-page","status-publish","hentry"],"_links":{"self":[{"href":"https:\/\/medinsol.hr\/index.php\/wp-json\/wp\/v2\/pages\/308","targetHints":{"allow":["GET"]}}],"collection":[{"href":"https:\/\/medinsol.hr\/index.php\/wp-json\/wp\/v2\/pages"}],"about":[{"href":"https:\/\/medinsol.hr\/index.php\/wp-json\/wp\/v2\/types\/page"}],"author":[{"embeddable":true,"href":"https:\/\/medinsol.hr\/index.php\/wp-json\/wp\/v2\/users\/1"}],"replies":[{"embeddable":true,"href":"https:\/\/medinsol.hr\/index.php\/wp-json\/wp\/v2\/comments?post=308"}],"version-history":[{"count":16,"href":"https:\/\/medinsol.hr\/index.php\/wp-json\/wp\/v2\/pages\/308\/revisions"}],"predecessor-version":[{"id":452,"href":"https:\/\/medinsol.hr\/index.php\/wp-json\/wp\/v2\/pages\/308\/revisions\/452"}],"wp:attachment":[{"href":"https:\/\/medinsol.hr\/index.php\/wp-json\/wp\/v2\/media?parent=308"}],"curies":[{"name":"wp","href":"https:\/\/api.w.org\/{rel}","templated":true}]}}